{"id":226,"date":"2021-11-04T03:27:31","date_gmt":"2021-11-04T03:27:31","guid":{"rendered":"https:\/\/ecopack.com.co\/?page_id=226"},"modified":"2021-11-04T04:57:45","modified_gmt":"2021-11-04T04:57:45","slug":"empaques-personalizados","status":"publish","type":"page","link":"https:\/\/ecopack.com.co\/index.php\/empaques-personalizados\/","title":{"rendered":"EMPAQUES PERSONALIZADOS"},"content":{"rendered":"\t\t<div data-elementor-type=\"wp-page\" data-elementor-id=\"226\" class=\"elementor elementor-226\" data-elementor-post-type=\"page\">\n\t\t\t\t\t\t<section class=\"elementor-section elementor-top-section elementor-element elementor-element-4d890e7d elementor-section-height-min-height elementor-reverse-mobile elementor-section-boxed elementor-section-height-default elementor-section-items-middle\" data-id=\"4d890e7d\" data-element_type=\"section\" data-e-type=\"section\" data-settings=\"{&quot;background_background&quot;:&quot;classic&quot;,&quot;background_motion_fx_motion_fx_scrolling&quot;:&quot;yes&quot;,&quot;background_motion_fx_blur_effect&quot;:&quot;yes&quot;,&quot;background_motion_fx_blur_direction&quot;:&quot;in-out&quot;,&quot;background_motion_fx_blur_level&quot;:{&quot;unit&quot;:&quot;px&quot;,&quot;size&quot;:9,&quot;sizes&quot;:[]},&quot;background_motion_fx_blur_range&quot;:{&quot;unit&quot;:&quot;%&quot;,&quot;size&quot;:&quot;&quot;,&quot;sizes&quot;:{&quot;start&quot;:76,&quot;end&quot;:94}},&quot;background_motion_fx_devices&quot;:[&quot;desktop&quot;,&quot;tablet&quot;,&quot;mobile&quot;]}\">\n\t\t\t\t\t\t\t<div class=\"elementor-background-overlay\"><\/div>\n\t\t\t\t\t\t\t<div class=\"elementor-container elementor-column-gap-default\">\n\t\t\t\t\t<div class=\"elementor-column elementor-col-50 elementor-top-column elementor-element elementor-element-66f8fd15\" data-id=\"66f8fd15\" data-element_type=\"column\" data-e-type=\"column\">\n\t\t\t<div class=\"elementor-widget-wrap elementor-element-populated\">\n\t\t\t\t\t\t<div class=\"elementor-element elementor-element-4d91128a elementor-widget elementor-widget-heading\" data-id=\"4d91128a\" data-element_type=\"widget\" data-e-type=\"widget\" data-widget_type=\"heading.default\">\n\t\t\t\t<div class=\"elementor-widget-container\">\n\t\t\t\t\t<h2 class=\"elementor-heading-title elementor-size-default\">Empaques Personalizados<\/h2>\t\t\t\t<\/div>\n\t\t\t\t<\/div>\n\t\t\t\t\t<\/div>\n\t\t<\/div>\n\t\t\t\t<div class=\"elementor-column elementor-col-50 elementor-top-column elementor-element elementor-element-2218c36a\" data-id=\"2218c36a\" data-element_type=\"column\" data-e-type=\"column\">\n\t\t\t<div class=\"elementor-widget-wrap\">\n\t\t\t\t\t\t\t<\/div>\n\t\t<\/div>\n\t\t\t\t\t<\/div>\n\t\t<\/section>\n\t\t\t\t<section class=\"elementor-section elementor-top-section elementor-element elementor-element-12486278 elementor-reverse-mobile elementor-section-boxed elementor-section-height-default elementor-section-height-default\" data-id=\"12486278\" data-element_type=\"section\" data-e-type=\"section\" data-settings=\"{&quot;background_background&quot;:&quot;classic&quot;}\">\n\t\t\t\t\t\t<div class=\"elementor-container elementor-column-gap-default\">\n\t\t\t\t\t<div class=\"elementor-column elementor-col-50 elementor-top-column elementor-element elementor-element-1a52614f\" data-id=\"1a52614f\" data-element_type=\"column\" data-e-type=\"column\">\n\t\t\t<div class=\"elementor-widget-wrap elementor-element-populated\">\n\t\t\t\t\t\t<div class=\"elementor-element elementor-element-7518510a elementor-widget elementor-widget-image\" data-id=\"7518510a\" data-element_type=\"widget\" data-e-type=\"widget\" data-widget_type=\"image.default\">\n\t\t\t\t<div class=\"elementor-widget-container\">\n\t\t\t\t\t\t\t\t\t\t\t\t\t\t\t<img fetchpriority=\"high\" decoding=\"async\" width=\"1920\" height=\"1280\" src=\"https:\/\/ecopack.com.co\/wp-content\/uploads\/2021\/11\/Caja-botella-de-vino-1.jpg\" class=\"elementor-animation-float attachment-full size-full wp-image-271\" alt=\"\" srcset=\"https:\/\/ecopack.com.co\/wp-content\/uploads\/2021\/11\/Caja-botella-de-vino-1.jpg 1920w, https:\/\/ecopack.com.co\/wp-content\/uploads\/2021\/11\/Caja-botella-de-vino-1-300x200.jpg 300w, https:\/\/ecopack.com.co\/wp-content\/uploads\/2021\/11\/Caja-botella-de-vino-1-1024x683.jpg 1024w, https:\/\/ecopack.com.co\/wp-content\/uploads\/2021\/11\/Caja-botella-de-vino-1-768x512.jpg 768w, https:\/\/ecopack.com.co\/wp-content\/uploads\/2021\/11\/Caja-botella-de-vino-1-1536x1024.jpg 1536w\" sizes=\"(max-width: 1920px) 100vw, 1920px\" \/>\t\t\t\t\t\t\t\t\t\t\t\t\t\t\t<\/div>\n\t\t\t\t<\/div>\n\t\t\t\t\t<\/div>\n\t\t<\/div>\n\t\t\t\t<div class=\"elementor-column elementor-col-50 elementor-top-column elementor-element elementor-element-50750217\" data-id=\"50750217\" data-element_type=\"column\" data-e-type=\"column\">\n\t\t\t<div class=\"elementor-widget-wrap elementor-element-populated\">\n\t\t\t\t\t\t<section class=\"elementor-section elementor-inner-section elementor-element elementor-element-32798f2f elementor-section-boxed elementor-section-height-default elementor-section-height-default\" data-id=\"32798f2f\" data-element_type=\"section\" data-e-type=\"section\">\n\t\t\t\t\t\t<div class=\"elementor-container elementor-column-gap-default\">\n\t\t\t\t\t<div class=\"elementor-column elementor-col-100 elementor-inner-column elementor-element elementor-element-2d99b7e0\" data-id=\"2d99b7e0\" data-element_type=\"column\" data-e-type=\"column\">\n\t\t\t<div class=\"elementor-widget-wrap elementor-element-populated\">\n\t\t\t\t\t\t<div class=\"elementor-element elementor-element-6c906b02 elementor-widget elementor-widget-heading\" data-id=\"6c906b02\" data-element_type=\"widget\" data-e-type=\"widget\" data-widget_type=\"heading.default\">\n\t\t\t\t<div class=\"elementor-widget-container\">\n\t\t\t\t\t<h3 class=\"elementor-heading-title elementor-size-default\">Creamos Empaques \u00fanicos, que destacan tus productos y diferencian tu Marca<\/h3>\t\t\t\t<\/div>\n\t\t\t\t<\/div>\n\t\t\t\t<div class=\"elementor-element elementor-element-57d9822c elementor-widget-divider--view-line elementor-widget elementor-widget-divider\" data-id=\"57d9822c\" data-element_type=\"widget\" data-e-type=\"widget\" data-settings=\"{&quot;motion_fx_motion_fx_scrolling&quot;:&quot;yes&quot;,&quot;motion_fx_translateX_effect&quot;:&quot;yes&quot;,&quot;motion_fx_translateX_speed&quot;:{&quot;unit&quot;:&quot;px&quot;,&quot;size&quot;:4,&quot;sizes&quot;:[]},&quot;motion_fx_translateX_affectedRange&quot;:{&quot;unit&quot;:&quot;%&quot;,&quot;size&quot;:&quot;&quot;,&quot;sizes&quot;:{&quot;start&quot;:0,&quot;end&quot;:100}},&quot;motion_fx_devices&quot;:[&quot;desktop&quot;,&quot;tablet&quot;,&quot;mobile&quot;]}\" data-widget_type=\"divider.default\">\n\t\t\t\t<div class=\"elementor-widget-container\">\n\t\t\t\t\t\t\t<div class=\"elementor-divider\">\n\t\t\t<span class=\"elementor-divider-separator\">\n\t\t\t\t\t\t<\/span>\n\t\t<\/div>\n\t\t\t\t\t\t<\/div>\n\t\t\t\t<\/div>\n\t\t\t\t<div class=\"elementor-element elementor-element-e770b8 elementor-widget elementor-widget-text-editor\" data-id=\"e770b8\" data-element_type=\"widget\" data-e-type=\"widget\" data-widget_type=\"text-editor.default\">\n\t\t\t\t<div class=\"elementor-widget-container\">\n\t\t\t\t\t\t\t\t\t<p>En Ecopack personalizamos tus empaques y dem\u00e1s elementos de comunicaci\u00f3n. Te asesoramos en la elecci\u00f3n de la mejor opci\u00f3n para tus cajas, bolsas o etiquetas, de acuerdo al producto, exhibici\u00f3n y distribuci\u00f3n. Tambi\u00e9n te asesoramos en el dise\u00f1o de las mismas.<\/p><p>Imprimimos sobre distintos materiales (cartulinas, cartones y\/o papeles) y con diferentes acabados de acuerdo a las necesidades de comunicaci\u00f3n de tu marca<\/p>\t\t\t\t\t\t\t\t<\/div>\n\t\t\t\t<\/div>\n\t\t\t\t<div class=\"elementor-element elementor-element-4183a4cd elementor-icon-list--layout-traditional elementor-list-item-link-full_width elementor-widget elementor-widget-icon-list\" data-id=\"4183a4cd\" data-element_type=\"widget\" data-e-type=\"widget\" data-widget_type=\"icon-list.default\">\n\t\t\t\t<div class=\"elementor-widget-container\">\n\t\t\t\t\t\t\t<ul class=\"elementor-icon-list-items\">\n\t\t\t\t\t\t\t<li class=\"elementor-icon-list-item\">\n\t\t\t\t\t\t\t\t\t\t\t<span class=\"elementor-icon-list-icon\">\n\t\t\t\t\t\t\t<i aria-hidden=\"true\" class=\"fas fa-check\"><\/i>\t\t\t\t\t\t<\/span>\n\t\t\t\t\t\t\t\t\t\t<span class=\"elementor-icon-list-text\">Dise\u00f1os personalizados<\/span>\n\t\t\t\t\t\t\t\t\t<\/li>\n\t\t\t\t\t\t\t\t<li class=\"elementor-icon-list-item\">\n\t\t\t\t\t\t\t\t\t\t\t<span class=\"elementor-icon-list-icon\">\n\t\t\t\t\t\t\t<i aria-hidden=\"true\" class=\"fas fa-check\"><\/i>\t\t\t\t\t\t<\/span>\n\t\t\t\t\t\t\t\t\t\t<span class=\"elementor-icon-list-text\">Diversidad en Materiales<\/span>\n\t\t\t\t\t\t\t\t\t<\/li>\n\t\t\t\t\t\t\t\t<li class=\"elementor-icon-list-item\">\n\t\t\t\t\t\t\t\t\t\t\t<span class=\"elementor-icon-list-icon\">\n\t\t\t\t\t\t\t<i aria-hidden=\"true\" class=\"fas fa-check\"><\/i>\t\t\t\t\t\t<\/span>\n\t\t\t\t\t\t\t\t\t\t<span class=\"elementor-icon-list-text\">Diversidad en Acabados<\/span>\n\t\t\t\t\t\t\t\t\t<\/li>\n\t\t\t\t\t\t\t\t<li class=\"elementor-icon-list-item\">\n\t\t\t\t\t\t\t\t\t\t\t<span class=\"elementor-icon-list-icon\">\n\t\t\t\t\t\t\t<i aria-hidden=\"true\" class=\"fas fa-check\"><\/i>\t\t\t\t\t\t<\/span>\n\t\t\t\t\t\t\t\t\t\t<span class=\"elementor-icon-list-text\">Asesor\u00eda T\u00e9cnica y de Comunicaci\u00f3n <\/span>\n\t\t\t\t\t\t\t\t\t<\/li>\n\t\t\t\t\t\t<\/ul>\n\t\t\t\t\t\t<\/div>\n\t\t\t\t<\/div>\n\t\t\t\t<div class=\"elementor-element elementor-element-579b4f61 elementor-align-left elementor-tablet-align-left elementor-mobile-align-left elementor-invisible elementor-widget elementor-widget-button\" data-id=\"579b4f61\" data-element_type=\"widget\" data-e-type=\"widget\" data-settings=\"{&quot;_animation&quot;:&quot;fadeIn&quot;}\" data-widget_type=\"button.default\">\n\t\t\t\t<div class=\"elementor-widget-container\">\n\t\t\t\t\t\t\t\t\t<div class=\"elementor-button-wrapper\">\n\t\t\t\t\t<a class=\"elementor-button elementor-button-link elementor-size-md\" href=\"https:\/\/ecopack.com.co\/index.php\/contactanos\/\">\n\t\t\t\t\t\t<span class=\"elementor-button-content-wrapper\">\n\t\t\t\t\t\t\t\t\t<span class=\"elementor-button-text\">CONT\u00c1CTANOS<\/span>\n\t\t\t\t\t<\/span>\n\t\t\t\t\t<\/a>\n\t\t\t\t<\/div>\n\t\t\t\t\t\t\t\t<\/div>\n\t\t\t\t<\/div>\n\t\t\t\t\t<\/div>\n\t\t<\/div>\n\t\t\t\t\t<\/div>\n\t\t<\/section>\n\t\t\t\t\t<\/div>\n\t\t<\/div>\n\t\t\t\t\t<\/div>\n\t\t<\/section>\n\t\t\t\t<section class=\"elementor-section elementor-top-section elementor-element elementor-element-684d8256 elementor-section-boxed elementor-section-height-default elementor-section-height-default\" data-id=\"684d8256\" data-element_type=\"section\" data-e-type=\"section\" data-settings=\"{&quot;background_background&quot;:&quot;classic&quot;}\">\n\t\t\t\t\t\t<div class=\"elementor-container elementor-column-gap-default\">\n\t\t\t\t\t<div class=\"elementor-column elementor-col-100 elementor-top-column elementor-element elementor-element-1e5535d1\" data-id=\"1e5535d1\" data-element_type=\"column\" data-e-type=\"column\">\n\t\t\t<div class=\"elementor-widget-wrap elementor-element-populated\">\n\t\t\t\t\t\t<section class=\"elementor-section elementor-inner-section elementor-element elementor-element-f504814 elementor-section-boxed elementor-section-height-default elementor-section-height-default\" data-id=\"f504814\" data-element_type=\"section\" data-e-type=\"section\">\n\t\t\t\t\t\t<div class=\"elementor-container elementor-column-gap-default\">\n\t\t\t\t\t<div class=\"elementor-column elementor-col-33 elementor-inner-column elementor-element elementor-element-36768754\" data-id=\"36768754\" data-element_type=\"column\" data-e-type=\"column\">\n\t\t\t<div class=\"elementor-widget-wrap elementor-element-populated\">\n\t\t\t\t\t\t<div class=\"elementor-element elementor-element-50779d3d elementor-widget elementor-widget-image\" data-id=\"50779d3d\" data-element_type=\"widget\" data-e-type=\"widget\" data-widget_type=\"image.default\">\n\t\t\t\t<div class=\"elementor-widget-container\">\n\t\t\t\t\t\t\t\t\t\t\t\t\t\t\t<img decoding=\"async\" width=\"800\" height=\"800\" src=\"https:\/\/ecopack.com.co\/wp-content\/uploads\/2021\/11\/personalizados-2.jpg\" class=\"elementor-animation-float attachment-full size-full wp-image-277\" alt=\"\" srcset=\"https:\/\/ecopack.com.co\/wp-content\/uploads\/2021\/11\/personalizados-2.jpg 800w, https:\/\/ecopack.com.co\/wp-content\/uploads\/2021\/11\/personalizados-2-300x300.jpg 300w, https:\/\/ecopack.com.co\/wp-content\/uploads\/2021\/11\/personalizados-2-150x150.jpg 150w, https:\/\/ecopack.com.co\/wp-content\/uploads\/2021\/11\/personalizados-2-768x768.jpg 768w\" sizes=\"(max-width: 800px) 100vw, 800px\" \/>\t\t\t\t\t\t\t\t\t\t\t\t\t\t\t<\/div>\n\t\t\t\t<\/div>\n\t\t\t\t<div class=\"elementor-element elementor-element-21b0640 elementor-widget elementor-widget-image\" data-id=\"21b0640\" data-element_type=\"widget\" data-e-type=\"widget\" data-widget_type=\"image.default\">\n\t\t\t\t<div class=\"elementor-widget-container\">\n\t\t\t\t\t\t\t\t\t\t\t\t\t\t\t<img decoding=\"async\" width=\"800\" height=\"800\" src=\"https:\/\/ecopack.com.co\/wp-content\/uploads\/2021\/11\/producto-2.jpg\" class=\"elementor-animation-float attachment-full size-full wp-image-238\" alt=\"\" srcset=\"https:\/\/ecopack.com.co\/wp-content\/uploads\/2021\/11\/producto-2.jpg 800w, https:\/\/ecopack.com.co\/wp-content\/uploads\/2021\/11\/producto-2-300x300.jpg 300w, https:\/\/ecopack.com.co\/wp-content\/uploads\/2021\/11\/producto-2-150x150.jpg 150w, https:\/\/ecopack.com.co\/wp-content\/uploads\/2021\/11\/producto-2-768x768.jpg 768w\" sizes=\"(max-width: 800px) 100vw, 800px\" \/>\t\t\t\t\t\t\t\t\t\t\t\t\t\t\t<\/div>\n\t\t\t\t<\/div>\n\t\t\t\t\t<\/div>\n\t\t<\/div>\n\t\t\t\t<div class=\"elementor-column elementor-col-33 elementor-inner-column elementor-element elementor-element-4ab275c0\" data-id=\"4ab275c0\" data-element_type=\"column\" data-e-type=\"column\">\n\t\t\t<div class=\"elementor-widget-wrap elementor-element-populated\">\n\t\t\t\t\t\t<div class=\"elementor-element elementor-element-5fae54a0 elementor-widget elementor-widget-image\" data-id=\"5fae54a0\" data-element_type=\"widget\" data-e-type=\"widget\" data-widget_type=\"image.default\">\n\t\t\t\t<div class=\"elementor-widget-container\">\n\t\t\t\t\t\t\t\t\t\t\t\t\t\t\t<img loading=\"lazy\" decoding=\"async\" width=\"800\" height=\"800\" src=\"https:\/\/ecopack.com.co\/wp-content\/uploads\/2021\/11\/BOTELLAS.jpg\" class=\"elementor-animation-float attachment-full size-full wp-image-209\" alt=\"\" srcset=\"https:\/\/ecopack.com.co\/wp-content\/uploads\/2021\/11\/BOTELLAS.jpg 800w, https:\/\/ecopack.com.co\/wp-content\/uploads\/2021\/11\/BOTELLAS-300x300.jpg 300w, https:\/\/ecopack.com.co\/wp-content\/uploads\/2021\/11\/BOTELLAS-150x150.jpg 150w, https:\/\/ecopack.com.co\/wp-content\/uploads\/2021\/11\/BOTELLAS-768x768.jpg 768w\" sizes=\"(max-width: 800px) 100vw, 800px\" \/>\t\t\t\t\t\t\t\t\t\t\t\t\t\t\t<\/div>\n\t\t\t\t<\/div>\n\t\t\t\t<div class=\"elementor-element elementor-element-5f065808 elementor-widget elementor-widget-image\" data-id=\"5f065808\" data-element_type=\"widget\" data-e-type=\"widget\" data-widget_type=\"image.default\">\n\t\t\t\t<div class=\"elementor-widget-container\">\n\t\t\t\t\t\t\t\t\t\t\t\t\t\t\t<img loading=\"lazy\" decoding=\"async\" width=\"800\" height=\"800\" src=\"https:\/\/ecopack.com.co\/wp-content\/uploads\/2021\/11\/personalizados-4.jpg\" class=\"elementor-animation-float attachment-large size-large wp-image-279\" alt=\"\" srcset=\"https:\/\/ecopack.com.co\/wp-content\/uploads\/2021\/11\/personalizados-4.jpg 800w, https:\/\/ecopack.com.co\/wp-content\/uploads\/2021\/11\/personalizados-4-300x300.jpg 300w, https:\/\/ecopack.com.co\/wp-content\/uploads\/2021\/11\/personalizados-4-150x150.jpg 150w, https:\/\/ecopack.com.co\/wp-content\/uploads\/2021\/11\/personalizados-4-768x768.jpg 768w\" sizes=\"(max-width: 800px) 100vw, 800px\" \/>\t\t\t\t\t\t\t\t\t\t\t\t\t\t\t<\/div>\n\t\t\t\t<\/div>\n\t\t\t\t\t<\/div>\n\t\t<\/div>\n\t\t\t\t<div class=\"elementor-column elementor-col-33 elementor-inner-column elementor-element elementor-element-4eec6bd0\" data-id=\"4eec6bd0\" data-element_type=\"column\" data-e-type=\"column\">\n\t\t\t<div class=\"elementor-widget-wrap elementor-element-populated\">\n\t\t\t\t\t\t<div class=\"elementor-element elementor-element-6b3a21a2 elementor-widget elementor-widget-image\" data-id=\"6b3a21a2\" data-element_type=\"widget\" data-e-type=\"widget\" data-widget_type=\"image.default\">\n\t\t\t\t<div class=\"elementor-widget-container\">\n\t\t\t\t\t\t\t\t\t\t\t\t\t\t\t<img loading=\"lazy\" decoding=\"async\" width=\"800\" height=\"800\" src=\"https:\/\/ecopack.com.co\/wp-content\/uploads\/2021\/11\/personalizados-3.jpg\" class=\"elementor-animation-float attachment-full size-full wp-image-278\" alt=\"\" srcset=\"https:\/\/ecopack.com.co\/wp-content\/uploads\/2021\/11\/personalizados-3.jpg 800w, https:\/\/ecopack.com.co\/wp-content\/uploads\/2021\/11\/personalizados-3-300x300.jpg 300w, https:\/\/ecopack.com.co\/wp-content\/uploads\/2021\/11\/personalizados-3-150x150.jpg 150w, https:\/\/ecopack.com.co\/wp-content\/uploads\/2021\/11\/personalizados-3-768x768.jpg 768w\" sizes=\"(max-width: 800px) 100vw, 800px\" \/>\t\t\t\t\t\t\t\t\t\t\t\t\t\t\t<\/div>\n\t\t\t\t<\/div>\n\t\t\t\t<div class=\"elementor-element elementor-element-372b4a4e elementor-widget elementor-widget-image\" data-id=\"372b4a4e\" data-element_type=\"widget\" data-e-type=\"widget\" data-widget_type=\"image.default\">\n\t\t\t\t<div class=\"elementor-widget-container\">\n\t\t\t\t\t\t\t\t\t\t\t\t\t\t\t<img loading=\"lazy\" decoding=\"async\" width=\"800\" height=\"800\" src=\"https:\/\/ecopack.com.co\/wp-content\/uploads\/2021\/11\/producto-3.jpg\" class=\"elementor-animation-float attachment-full size-full wp-image-239\" alt=\"\" srcset=\"https:\/\/ecopack.com.co\/wp-content\/uploads\/2021\/11\/producto-3.jpg 800w, https:\/\/ecopack.com.co\/wp-content\/uploads\/2021\/11\/producto-3-300x300.jpg 300w, https:\/\/ecopack.com.co\/wp-content\/uploads\/2021\/11\/producto-3-150x150.jpg 150w, https:\/\/ecopack.com.co\/wp-content\/uploads\/2021\/11\/producto-3-768x768.jpg 768w\" sizes=\"(max-width: 800px) 100vw, 800px\" \/>\t\t\t\t\t\t\t\t\t\t\t\t\t\t\t<\/div>\n\t\t\t\t<\/div>\n\t\t\t\t\t<\/div>\n\t\t<\/div>\n\t\t\t\t\t<\/div>\n\t\t<\/section>\n\t\t\t\t\t<\/div>\n\t\t<\/div>\n\t\t\t\t\t<\/div>\n\t\t<\/section>\n\t\t\t\t<\/div>\n\t\t","protected":false},"excerpt":{"rendered":"<p>Empaques Personalizados Creamos Empaques \u00fanicos, que destacan tus productos y diferencian tu Marca En Ecopack personalizamos tus empaques y dem\u00e1s elementos de comunicaci\u00f3n. Te asesoramos en la elecci\u00f3n de la mejor opci\u00f3n para tus cajas, bolsas o etiquetas, de acuerdo al producto, exhibici\u00f3n y distribuci\u00f3n. Tambi\u00e9n te asesoramos en el dise\u00f1o de las mismas. Imprimimos [&hellip;]<\/p>\n","protected":false},"author":2,"featured_media":0,"parent":0,"menu_order":0,"comment_status":"closed","ping_status":"closed","template":"","meta":{"_joinchat":[],"footnotes":""},"class_list":["post-226","page","type-page","status-publish","hentry"],"_links":{"self":[{"href":"https:\/\/ecopack.com.co\/index.php\/wp-json\/wp\/v2\/pages\/226","targetHints":{"allow":["GET"]}}],"collection":[{"href":"https:\/\/ecopack.com.co\/index.php\/wp-json\/wp\/v2\/pages"}],"about":[{"href":"https:\/\/ecopack.com.co\/index.php\/wp-json\/wp\/v2\/types\/page"}],"author":[{"embeddable":true,"href":"https:\/\/ecopack.com.co\/index.php\/wp-json\/wp\/v2\/users\/2"}],"replies":[{"embeddable":true,"href":"https:\/\/ecopack.com.co\/index.php\/wp-json\/wp\/v2\/comments?post=226"}],"version-history":[{"count":7,"href":"https:\/\/ecopack.com.co\/index.php\/wp-json\/wp\/v2\/pages\/226\/revisions"}],"predecessor-version":[{"id":282,"href":"https:\/\/ecopack.com.co\/index.php\/wp-json\/wp\/v2\/pages\/226\/revisions\/282"}],"wp:attachment":[{"href":"https:\/\/ecopack.com.co\/index.php\/wp-json\/wp\/v2\/media?parent=226"}],"curies":[{"name":"wp","href":"https:\/\/api.w.org\/{rel}","templated":true}]}}