{"id":604,"date":"2023-02-25T02:38:40","date_gmt":"2023-02-25T02:38:40","guid":{"rendered":"https:\/\/ecopack.com.co\/?page_id=604"},"modified":"2023-02-27T14:51:10","modified_gmt":"2023-02-27T14:51:10","slug":"cajas-maletin","status":"publish","type":"page","link":"https:\/\/ecopack.com.co\/index.php\/cajas-maletin\/","title":{"rendered":"Cajas Malet\u00edn"},"content":{"rendered":"\t\t<div data-elementor-type=\"wp-page\" data-elementor-id=\"604\" class=\"elementor elementor-604\" data-elementor-post-type=\"page\">\n\t\t\t\t\t\t<section class=\"elementor-section elementor-top-section elementor-element elementor-element-7734e441 elementor-section-height-min-height elementor-reverse-mobile elementor-section-boxed elementor-section-height-default elementor-section-items-middle\" data-id=\"7734e441\" data-element_type=\"section\" data-e-type=\"section\" data-settings=\"{&quot;background_background&quot;:&quot;classic&quot;,&quot;background_motion_fx_motion_fx_scrolling&quot;:&quot;yes&quot;,&quot;background_motion_fx_blur_effect&quot;:&quot;yes&quot;,&quot;background_motion_fx_blur_direction&quot;:&quot;in-out&quot;,&quot;background_motion_fx_blur_level&quot;:{&quot;unit&quot;:&quot;px&quot;,&quot;size&quot;:9,&quot;sizes&quot;:[]},&quot;background_motion_fx_blur_range&quot;:{&quot;unit&quot;:&quot;%&quot;,&quot;size&quot;:&quot;&quot;,&quot;sizes&quot;:{&quot;start&quot;:76,&quot;end&quot;:94}},&quot;background_motion_fx_devices&quot;:[&quot;desktop&quot;,&quot;tablet&quot;,&quot;mobile&quot;]}\">\n\t\t\t\t\t\t\t<div class=\"elementor-background-overlay\"><\/div>\n\t\t\t\t\t\t\t<div class=\"elementor-container elementor-column-gap-default\">\n\t\t\t\t\t<div class=\"elementor-column elementor-col-50 elementor-top-column elementor-element elementor-element-5afb7114\" data-id=\"5afb7114\" data-element_type=\"column\" data-e-type=\"column\">\n\t\t\t<div class=\"elementor-widget-wrap elementor-element-populated\">\n\t\t\t\t\t\t<div class=\"elementor-element elementor-element-2de7116e elementor-widget elementor-widget-heading\" data-id=\"2de7116e\" data-element_type=\"widget\" data-e-type=\"widget\" data-widget_type=\"heading.default\">\n\t\t\t\t<div class=\"elementor-widget-container\">\n\t\t\t\t\t<h2 class=\"elementor-heading-title elementor-size-default\">Cajas Malet\u00edn<\/h2>\t\t\t\t<\/div>\n\t\t\t\t<\/div>\n\t\t\t\t\t<\/div>\n\t\t<\/div>\n\t\t\t\t<div class=\"elementor-column elementor-col-50 elementor-top-column elementor-element elementor-element-1dc9bfe7\" data-id=\"1dc9bfe7\" data-element_type=\"column\" data-e-type=\"column\">\n\t\t\t<div class=\"elementor-widget-wrap\">\n\t\t\t\t\t\t\t<\/div>\n\t\t<\/div>\n\t\t\t\t\t<\/div>\n\t\t<\/section>\n\t\t\t\t<section class=\"elementor-section elementor-top-section elementor-element elementor-element-6e43b317 elementor-section-boxed elementor-section-height-default elementor-section-height-default\" data-id=\"6e43b317\" data-element_type=\"section\" data-e-type=\"section\" data-settings=\"{&quot;background_background&quot;:&quot;classic&quot;}\">\n\t\t\t\t\t\t<div class=\"elementor-container elementor-column-gap-default\">\n\t\t\t\t\t<div class=\"elementor-column elementor-col-100 elementor-top-column elementor-element elementor-element-2a38db66\" data-id=\"2a38db66\" data-element_type=\"column\" data-e-type=\"column\">\n\t\t\t<div class=\"elementor-widget-wrap elementor-element-populated\">\n\t\t\t\t\t\t<div class=\"elementor-element elementor-element-3f4f6f14 elementor-widget elementor-widget-text-editor\" data-id=\"3f4f6f14\" data-element_type=\"widget\" data-e-type=\"widget\" data-widget_type=\"text-editor.default\">\n\t\t\t\t<div class=\"elementor-widget-container\">\n\t\t\t\t\t\t\t\t\t<p>Cajas con agarradera que usualmente se utilizan como cajas para domicilios o para entregar en punto de venta evitando el consumo de las bolsas, armado autom\u00e1tico y f\u00e1cilmente apilables.<\/p>\t\t\t\t\t\t\t\t<\/div>\n\t\t\t\t<\/div>\n\t\t\t\t<div class=\"elementor-element elementor-element-2d52588c elementor-widget elementor-widget-heading\" data-id=\"2d52588c\" data-element_type=\"widget\" data-e-type=\"widget\" data-widget_type=\"heading.default\">\n\t\t\t\t<div class=\"elementor-widget-container\">\n\t\t\t\t\t<h3 class=\"elementor-heading-title elementor-size-default\">Cajas Tipo Malet\u00edn<\/h3>\t\t\t\t<\/div>\n\t\t\t\t<\/div>\n\t\t\t\t<div class=\"elementor-element elementor-element-59916fb1 elementor-widget-divider--view-line elementor-widget elementor-widget-divider\" data-id=\"59916fb1\" data-element_type=\"widget\" data-e-type=\"widget\" data-widget_type=\"divider.default\">\n\t\t\t\t<div class=\"elementor-widget-container\">\n\t\t\t\t\t\t\t<div class=\"elementor-divider\">\n\t\t\t<span class=\"elementor-divider-separator\">\n\t\t\t\t\t\t<\/span>\n\t\t<\/div>\n\t\t\t\t\t\t<\/div>\n\t\t\t\t<\/div>\n\t\t\t\t<section class=\"elementor-section elementor-inner-section elementor-element elementor-element-4e21cd10 elementor-section-boxed elementor-section-height-default elementor-section-height-default\" data-id=\"4e21cd10\" data-element_type=\"section\" data-e-type=\"section\">\n\t\t\t\t\t\t<div class=\"elementor-container elementor-column-gap-default\">\n\t\t\t\t\t<div class=\"elementor-column elementor-col-25 elementor-inner-column elementor-element elementor-element-568886eb\" data-id=\"568886eb\" data-element_type=\"column\" data-e-type=\"column\">\n\t\t\t<div class=\"elementor-widget-wrap elementor-element-populated\">\n\t\t\t\t\t\t<div class=\"elementor-element elementor-element-3547a2b6 elementor-widget elementor-widget-image\" data-id=\"3547a2b6\" data-element_type=\"widget\" data-e-type=\"widget\" data-widget_type=\"image.default\">\n\t\t\t\t<div class=\"elementor-widget-container\">\n\t\t\t\t\t\t\t\t\t\t\t\t\t\t\t<img fetchpriority=\"high\" decoding=\"async\" width=\"800\" height=\"1067\" src=\"https:\/\/ecopack.com.co\/wp-content\/uploads\/2023\/02\/caja-maletin-4-1.jpg\" class=\"elementor-animation-float attachment-full size-full wp-image-854\" alt=\"\" srcset=\"https:\/\/ecopack.com.co\/wp-content\/uploads\/2023\/02\/caja-maletin-4-1.jpg 800w, https:\/\/ecopack.com.co\/wp-content\/uploads\/2023\/02\/caja-maletin-4-1-225x300.jpg 225w, https:\/\/ecopack.com.co\/wp-content\/uploads\/2023\/02\/caja-maletin-4-1-768x1024.jpg 768w\" sizes=\"(max-width: 800px) 100vw, 800px\" \/>\t\t\t\t\t\t\t\t\t\t\t\t\t\t\t<\/div>\n\t\t\t\t<\/div>\n\t\t\t\t\t<\/div>\n\t\t<\/div>\n\t\t\t\t<div class=\"elementor-column elementor-col-25 elementor-inner-column elementor-element elementor-element-78d02e08\" data-id=\"78d02e08\" data-element_type=\"column\" data-e-type=\"column\">\n\t\t\t<div class=\"elementor-widget-wrap elementor-element-populated\">\n\t\t\t\t\t\t<div class=\"elementor-element elementor-element-6e1ff498 elementor-widget elementor-widget-image\" data-id=\"6e1ff498\" data-element_type=\"widget\" data-e-type=\"widget\" data-widget_type=\"image.default\">\n\t\t\t\t<div class=\"elementor-widget-container\">\n\t\t\t\t\t\t\t\t\t\t\t\t\t\t\t<img decoding=\"async\" width=\"800\" height=\"1067\" src=\"https:\/\/ecopack.com.co\/wp-content\/uploads\/2023\/02\/caja-maletin-2-1.jpg\" class=\"elementor-animation-float attachment-full size-full wp-image-852\" alt=\"\" srcset=\"https:\/\/ecopack.com.co\/wp-content\/uploads\/2023\/02\/caja-maletin-2-1.jpg 800w, https:\/\/ecopack.com.co\/wp-content\/uploads\/2023\/02\/caja-maletin-2-1-225x300.jpg 225w, https:\/\/ecopack.com.co\/wp-content\/uploads\/2023\/02\/caja-maletin-2-1-768x1024.jpg 768w\" sizes=\"(max-width: 800px) 100vw, 800px\" \/>\t\t\t\t\t\t\t\t\t\t\t\t\t\t\t<\/div>\n\t\t\t\t<\/div>\n\t\t\t\t\t<\/div>\n\t\t<\/div>\n\t\t\t\t<div class=\"elementor-column elementor-col-25 elementor-inner-column elementor-element elementor-element-c2c01bb\" data-id=\"c2c01bb\" data-element_type=\"column\" data-e-type=\"column\">\n\t\t\t<div class=\"elementor-widget-wrap elementor-element-populated\">\n\t\t\t\t\t\t<div class=\"elementor-element elementor-element-d41072a elementor-widget elementor-widget-image\" data-id=\"d41072a\" data-element_type=\"widget\" data-e-type=\"widget\" data-widget_type=\"image.default\">\n\t\t\t\t<div class=\"elementor-widget-container\">\n\t\t\t\t\t\t\t\t\t\t\t\t\t\t\t<img decoding=\"async\" width=\"800\" height=\"1067\" src=\"https:\/\/ecopack.com.co\/wp-content\/uploads\/2023\/02\/caja-maletin-3-1.jpg\" class=\"elementor-animation-float attachment-full size-full wp-image-853\" alt=\"\" srcset=\"https:\/\/ecopack.com.co\/wp-content\/uploads\/2023\/02\/caja-maletin-3-1.jpg 800w, https:\/\/ecopack.com.co\/wp-content\/uploads\/2023\/02\/caja-maletin-3-1-225x300.jpg 225w, https:\/\/ecopack.com.co\/wp-content\/uploads\/2023\/02\/caja-maletin-3-1-768x1024.jpg 768w\" sizes=\"(max-width: 800px) 100vw, 800px\" \/>\t\t\t\t\t\t\t\t\t\t\t\t\t\t\t<\/div>\n\t\t\t\t<\/div>\n\t\t\t\t\t<\/div>\n\t\t<\/div>\n\t\t\t\t<div class=\"elementor-column elementor-col-25 elementor-inner-column elementor-element elementor-element-39d941b8\" data-id=\"39d941b8\" data-element_type=\"column\" data-e-type=\"column\">\n\t\t\t<div class=\"elementor-widget-wrap elementor-element-populated\">\n\t\t\t\t\t\t<div class=\"elementor-element elementor-element-4569665 elementor-widget elementor-widget-image\" data-id=\"4569665\" data-element_type=\"widget\" data-e-type=\"widget\" data-widget_type=\"image.default\">\n\t\t\t\t<div class=\"elementor-widget-container\">\n\t\t\t\t\t\t\t\t\t\t\t\t\t\t\t<img loading=\"lazy\" decoding=\"async\" width=\"800\" height=\"1067\" src=\"https:\/\/ecopack.com.co\/wp-content\/uploads\/2023\/02\/caja-maletin-1-1.jpg\" class=\"elementor-animation-float attachment-full size-full wp-image-851\" alt=\"\" srcset=\"https:\/\/ecopack.com.co\/wp-content\/uploads\/2023\/02\/caja-maletin-1-1.jpg 800w, https:\/\/ecopack.com.co\/wp-content\/uploads\/2023\/02\/caja-maletin-1-1-225x300.jpg 225w, https:\/\/ecopack.com.co\/wp-content\/uploads\/2023\/02\/caja-maletin-1-1-768x1024.jpg 768w\" sizes=\"(max-width: 800px) 100vw, 800px\" \/>\t\t\t\t\t\t\t\t\t\t\t\t\t\t\t<\/div>\n\t\t\t\t<\/div>\n\t\t\t\t\t<\/div>\n\t\t<\/div>\n\t\t\t\t\t<\/div>\n\t\t<\/section>\n\t\t\t\t<div class=\"elementor-element elementor-element-e7e164b elementor-widget elementor-widget-heading\" data-id=\"e7e164b\" data-element_type=\"widget\" data-e-type=\"widget\" data-widget_type=\"heading.default\">\n\t\t\t\t<div class=\"elementor-widget-container\">\n\t\t\t\t\t<h3 class=\"elementor-heading-title elementor-size-default\">Medidas<\/h3>\t\t\t\t<\/div>\n\t\t\t\t<\/div>\n\t\t\t\t<section class=\"elementor-section elementor-inner-section elementor-element elementor-element-334d47ee elementor-section-boxed elementor-section-height-default elementor-section-height-default\" data-id=\"334d47ee\" data-element_type=\"section\" data-e-type=\"section\">\n\t\t\t\t\t\t<div class=\"elementor-container elementor-column-gap-default\">\n\t\t\t\t\t<div class=\"elementor-column elementor-col-33 elementor-inner-column elementor-element elementor-element-691430ca\" data-id=\"691430ca\" data-element_type=\"column\" data-e-type=\"column\">\n\t\t\t<div class=\"elementor-widget-wrap\">\n\t\t\t\t\t\t\t<\/div>\n\t\t<\/div>\n\t\t\t\t<div class=\"elementor-column elementor-col-33 elementor-inner-column elementor-element elementor-element-77039ebb\" data-id=\"77039ebb\" data-element_type=\"column\" data-e-type=\"column\">\n\t\t\t<div class=\"elementor-widget-wrap elementor-element-populated\">\n\t\t\t\t\t\t<div class=\"elementor-element elementor-element-4235cf64 elementor-widget elementor-widget-image\" data-id=\"4235cf64\" data-element_type=\"widget\" data-e-type=\"widget\" data-widget_type=\"image.default\">\n\t\t\t\t<div class=\"elementor-widget-container\">\n\t\t\t\t\t\t\t\t\t\t\t\t\t\t\t<img loading=\"lazy\" decoding=\"async\" width=\"524\" height=\"357\" src=\"https:\/\/ecopack.com.co\/wp-content\/uploads\/2023\/02\/MEDIDAS-MALETIN.jpg\" class=\"elementor-animation-float attachment-full size-full wp-image-614\" alt=\"\" srcset=\"https:\/\/ecopack.com.co\/wp-content\/uploads\/2023\/02\/MEDIDAS-MALETIN.jpg 524w, https:\/\/ecopack.com.co\/wp-content\/uploads\/2023\/02\/MEDIDAS-MALETIN-300x204.jpg 300w\" sizes=\"(max-width: 524px) 100vw, 524px\" \/>\t\t\t\t\t\t\t\t\t\t\t\t\t\t\t<\/div>\n\t\t\t\t<\/div>\n\t\t\t\t\t<\/div>\n\t\t<\/div>\n\t\t\t\t<div class=\"elementor-column elementor-col-33 elementor-inner-column elementor-element elementor-element-224d72fc\" data-id=\"224d72fc\" data-element_type=\"column\" data-e-type=\"column\">\n\t\t\t<div class=\"elementor-widget-wrap\">\n\t\t\t\t\t\t\t<\/div>\n\t\t<\/div>\n\t\t\t\t\t<\/div>\n\t\t<\/section>\n\t\t\t\t\t<\/div>\n\t\t<\/div>\n\t\t\t\t\t<\/div>\n\t\t<\/section>\n\t\t\t\t<section class=\"elementor-section elementor-top-section elementor-element elementor-element-6d2a896 elementor-section-boxed elementor-section-height-default elementor-section-height-default\" data-id=\"6d2a896\" data-element_type=\"section\" data-e-type=\"section\" data-settings=\"{&quot;background_background&quot;:&quot;classic&quot;}\">\n\t\t\t\t\t\t<div class=\"elementor-container elementor-column-gap-default\">\n\t\t\t\t\t<div class=\"elementor-column elementor-col-100 elementor-top-column elementor-element elementor-element-fb802af\" data-id=\"fb802af\" data-element_type=\"column\" data-e-type=\"column\">\n\t\t\t<div class=\"elementor-widget-wrap elementor-element-populated\">\n\t\t\t\t\t\t<div class=\"elementor-element elementor-element-ab82307 elementor-widget elementor-widget-heading\" data-id=\"ab82307\" data-element_type=\"widget\" data-e-type=\"widget\" data-widget_type=\"heading.default\">\n\t\t\t\t<div class=\"elementor-widget-container\">\n\t\t\t\t\t<h3 class=\"elementor-heading-title elementor-size-default\">GU\u00cdA PARA TOMAR LAS MEDIDAS<\/h3>\t\t\t\t<\/div>\n\t\t\t\t<\/div>\n\t\t\t\t<div class=\"elementor-element elementor-element-40e7b62 elementor-widget-divider--view-line elementor-widget elementor-widget-divider\" data-id=\"40e7b62\" data-element_type=\"widget\" data-e-type=\"widget\" data-widget_type=\"divider.default\">\n\t\t\t\t<div class=\"elementor-widget-container\">\n\t\t\t\t\t\t\t<div class=\"elementor-divider\">\n\t\t\t<span class=\"elementor-divider-separator\">\n\t\t\t\t\t\t<\/span>\n\t\t<\/div>\n\t\t\t\t\t\t<\/div>\n\t\t\t\t<\/div>\n\t\t\t\t<section class=\"elementor-section elementor-inner-section elementor-element elementor-element-5ffc276 elementor-section-boxed elementor-section-height-default elementor-section-height-default\" data-id=\"5ffc276\" data-element_type=\"section\" data-e-type=\"section\">\n\t\t\t\t\t\t<div class=\"elementor-container elementor-column-gap-default\">\n\t\t\t\t\t<div class=\"elementor-column elementor-col-33 elementor-inner-column elementor-element elementor-element-56793e9\" data-id=\"56793e9\" data-element_type=\"column\" data-e-type=\"column\">\n\t\t\t<div class=\"elementor-widget-wrap\">\n\t\t\t\t\t\t\t<\/div>\n\t\t<\/div>\n\t\t\t\t<div class=\"elementor-column elementor-col-33 elementor-inner-column elementor-element elementor-element-a9a20af\" data-id=\"a9a20af\" data-element_type=\"column\" data-e-type=\"column\">\n\t\t\t<div class=\"elementor-widget-wrap elementor-element-populated\">\n\t\t\t\t\t\t<div class=\"elementor-element elementor-element-9d6e730 elementor-widget elementor-widget-image\" data-id=\"9d6e730\" data-element_type=\"widget\" data-e-type=\"widget\" data-widget_type=\"image.default\">\n\t\t\t\t<div class=\"elementor-widget-container\">\n\t\t\t\t\t\t\t\t\t\t\t\t\t\t\t<img loading=\"lazy\" decoding=\"async\" width=\"1056\" height=\"816\" src=\"https:\/\/ecopack.com.co\/wp-content\/uploads\/2023\/02\/cajas-carton-medidas-1.jpg\" class=\"elementor-animation-float attachment-full size-full wp-image-836\" alt=\"\" srcset=\"https:\/\/ecopack.com.co\/wp-content\/uploads\/2023\/02\/cajas-carton-medidas-1.jpg 1056w, https:\/\/ecopack.com.co\/wp-content\/uploads\/2023\/02\/cajas-carton-medidas-1-300x232.jpg 300w, https:\/\/ecopack.com.co\/wp-content\/uploads\/2023\/02\/cajas-carton-medidas-1-1024x791.jpg 1024w, https:\/\/ecopack.com.co\/wp-content\/uploads\/2023\/02\/cajas-carton-medidas-1-768x593.jpg 768w\" sizes=\"(max-width: 1056px) 100vw, 1056px\" \/>\t\t\t\t\t\t\t\t\t\t\t\t\t\t\t<\/div>\n\t\t\t\t<\/div>\n\t\t\t\t\t<\/div>\n\t\t<\/div>\n\t\t\t\t<div class=\"elementor-column elementor-col-33 elementor-inner-column elementor-element elementor-element-860862b\" data-id=\"860862b\" data-element_type=\"column\" data-e-type=\"column\">\n\t\t\t<div class=\"elementor-widget-wrap\">\n\t\t\t\t\t\t\t<\/div>\n\t\t<\/div>\n\t\t\t\t\t<\/div>\n\t\t<\/section>\n\t\t\t\t\t<\/div>\n\t\t<\/div>\n\t\t\t\t\t<\/div>\n\t\t<\/section>\n\t\t\t\t<\/div>\n\t\t","protected":false},"excerpt":{"rendered":"<p>Cajas Malet\u00edn Cajas con agarradera que usualmente se utilizan como cajas para domicilios o para entregar en punto de venta evitando el consumo de las bolsas, armado autom\u00e1tico y f\u00e1cilmente apilables. Cajas Tipo Malet\u00edn Medidas GU\u00cdA PARA TOMAR LAS MEDIDAS<\/p>\n","protected":false},"author":2,"featured_media":0,"parent":0,"menu_order":0,"comment_status":"closed","ping_status":"closed","template":"","meta":{"_joinchat":[],"footnotes":""},"class_list":["post-604","page","type-page","status-publish","hentry"],"_links":{"self":[{"href":"https:\/\/ecopack.com.co\/index.php\/wp-json\/wp\/v2\/pages\/604","targetHints":{"allow":["GET"]}}],"collection":[{"href":"https:\/\/ecopack.com.co\/index.php\/wp-json\/wp\/v2\/pages"}],"about":[{"href":"https:\/\/ecopack.com.co\/index.php\/wp-json\/wp\/v2\/types\/page"}],"author":[{"embeddable":true,"href":"https:\/\/ecopack.com.co\/index.php\/wp-json\/wp\/v2\/users\/2"}],"replies":[{"embeddable":true,"href":"https:\/\/ecopack.com.co\/index.php\/wp-json\/wp\/v2\/comments?post=604"}],"version-history":[{"count":16,"href":"https:\/\/ecopack.com.co\/index.php\/wp-json\/wp\/v2\/pages\/604\/revisions"}],"predecessor-version":[{"id":860,"href":"https:\/\/ecopack.com.co\/index.php\/wp-json\/wp\/v2\/pages\/604\/revisions\/860"}],"wp:attachment":[{"href":"https:\/\/ecopack.com.co\/index.php\/wp-json\/wp\/v2\/media?parent=604"}],"curies":[{"name":"wp","href":"https:\/\/api.w.org\/{rel}","templated":true}]}}