{"id":635,"date":"2023-02-25T03:11:06","date_gmt":"2023-02-25T03:11:06","guid":{"rendered":"https:\/\/ecopack.com.co\/?page_id=635"},"modified":"2023-02-27T15:46:30","modified_gmt":"2023-02-27T15:46:30","slug":"empaques-de-bisuteria-y-ropa","status":"publish","type":"page","link":"https:\/\/ecopack.com.co\/index.php\/empaques-de-bisuteria-y-ropa\/","title":{"rendered":"Empaques de Bisuter\u00eda y Ropa"},"content":{"rendered":"\t\t<div data-elementor-type=\"wp-page\" data-elementor-id=\"635\" class=\"elementor elementor-635\" data-elementor-post-type=\"page\">\n\t\t\t\t\t\t<section class=\"elementor-section elementor-top-section elementor-element elementor-element-28571f69 elementor-section-height-min-height elementor-reverse-mobile elementor-section-boxed elementor-section-height-default elementor-section-items-middle\" data-id=\"28571f69\" data-element_type=\"section\" data-e-type=\"section\" data-settings=\"{&quot;background_background&quot;:&quot;classic&quot;,&quot;background_motion_fx_motion_fx_scrolling&quot;:&quot;yes&quot;,&quot;background_motion_fx_blur_effect&quot;:&quot;yes&quot;,&quot;background_motion_fx_blur_direction&quot;:&quot;in-out&quot;,&quot;background_motion_fx_blur_level&quot;:{&quot;unit&quot;:&quot;px&quot;,&quot;size&quot;:9,&quot;sizes&quot;:[]},&quot;background_motion_fx_blur_range&quot;:{&quot;unit&quot;:&quot;%&quot;,&quot;size&quot;:&quot;&quot;,&quot;sizes&quot;:{&quot;start&quot;:76,&quot;end&quot;:94}},&quot;background_motion_fx_devices&quot;:[&quot;desktop&quot;,&quot;tablet&quot;,&quot;mobile&quot;]}\">\n\t\t\t\t\t\t\t<div class=\"elementor-background-overlay\"><\/div>\n\t\t\t\t\t\t\t<div class=\"elementor-container elementor-column-gap-default\">\n\t\t\t\t\t<div class=\"elementor-column elementor-col-50 elementor-top-column elementor-element elementor-element-26ad08be\" data-id=\"26ad08be\" data-element_type=\"column\" data-e-type=\"column\">\n\t\t\t<div class=\"elementor-widget-wrap elementor-element-populated\">\n\t\t\t\t\t\t<div class=\"elementor-element elementor-element-2cf8916e elementor-widget elementor-widget-heading\" data-id=\"2cf8916e\" data-element_type=\"widget\" data-e-type=\"widget\" data-widget_type=\"heading.default\">\n\t\t\t\t<div class=\"elementor-widget-container\">\n\t\t\t\t\t<h2 class=\"elementor-heading-title elementor-size-default\">Bisuter\u00eda y Ropa<\/h2>\t\t\t\t<\/div>\n\t\t\t\t<\/div>\n\t\t\t\t\t<\/div>\n\t\t<\/div>\n\t\t\t\t<div class=\"elementor-column elementor-col-50 elementor-top-column elementor-element elementor-element-48590568\" data-id=\"48590568\" data-element_type=\"column\" data-e-type=\"column\">\n\t\t\t<div class=\"elementor-widget-wrap\">\n\t\t\t\t\t\t\t<\/div>\n\t\t<\/div>\n\t\t\t\t\t<\/div>\n\t\t<\/section>\n\t\t\t\t<section class=\"elementor-section elementor-top-section elementor-element elementor-element-3582f50c elementor-section-boxed elementor-section-height-default elementor-section-height-default\" data-id=\"3582f50c\" data-element_type=\"section\" data-e-type=\"section\" data-settings=\"{&quot;background_background&quot;:&quot;classic&quot;}\">\n\t\t\t\t\t\t<div class=\"elementor-container elementor-column-gap-default\">\n\t\t\t\t\t<div class=\"elementor-column elementor-col-100 elementor-top-column elementor-element elementor-element-75f5a02e\" data-id=\"75f5a02e\" data-element_type=\"column\" data-e-type=\"column\">\n\t\t\t<div class=\"elementor-widget-wrap elementor-element-populated\">\n\t\t\t\t\t\t<div class=\"elementor-element elementor-element-6f449e97 elementor-widget elementor-widget-text-editor\" data-id=\"6f449e97\" data-element_type=\"widget\" data-e-type=\"widget\" data-widget_type=\"text-editor.default\">\n\t\t\t\t<div class=\"elementor-widget-container\">\n\t\t\t\t\t\t\t\t\t<p>Empaques biodegradables en forma piramidal con o sin manija que de acuerdo a su tama\u00f1o se convierte en una posibilidad creativa para el empaque de joyas, bisuter\u00eda y prendas de vestir.<br \/><em><strong>Contamos con productos en stock gen\u00e9ricos y tambi\u00e9n la opci\u00f3n de personalizarlos.<\/strong><\/em><\/p>\t\t\t\t\t\t\t\t<\/div>\n\t\t\t\t<\/div>\n\t\t\t\t<div class=\"elementor-element elementor-element-3017715a elementor-widget elementor-widget-heading\" data-id=\"3017715a\" data-element_type=\"widget\" data-e-type=\"widget\" data-widget_type=\"heading.default\">\n\t\t\t\t<div class=\"elementor-widget-container\">\n\t\t\t\t\t<h3 class=\"elementor-heading-title elementor-size-default\">Empaques Para Ropa y Para Bisuter\u00eda<\/h3>\t\t\t\t<\/div>\n\t\t\t\t<\/div>\n\t\t\t\t<div class=\"elementor-element elementor-element-7fd9b85a elementor-widget-divider--view-line elementor-widget elementor-widget-divider\" data-id=\"7fd9b85a\" data-element_type=\"widget\" data-e-type=\"widget\" data-widget_type=\"divider.default\">\n\t\t\t\t<div class=\"elementor-widget-container\">\n\t\t\t\t\t\t\t<div class=\"elementor-divider\">\n\t\t\t<span class=\"elementor-divider-separator\">\n\t\t\t\t\t\t<\/span>\n\t\t<\/div>\n\t\t\t\t\t\t<\/div>\n\t\t\t\t<\/div>\n\t\t\t\t<section class=\"elementor-section elementor-inner-section elementor-element elementor-element-1401fd8c elementor-section-boxed elementor-section-height-default elementor-section-height-default\" data-id=\"1401fd8c\" data-element_type=\"section\" data-e-type=\"section\">\n\t\t\t\t\t\t<div class=\"elementor-container elementor-column-gap-default\">\n\t\t\t\t\t<div class=\"elementor-column elementor-col-33 elementor-inner-column elementor-element elementor-element-7143fce9\" data-id=\"7143fce9\" data-element_type=\"column\" data-e-type=\"column\">\n\t\t\t<div class=\"elementor-widget-wrap elementor-element-populated\">\n\t\t\t\t\t\t<div class=\"elementor-element elementor-element-373a7877 elementor-widget elementor-widget-image\" data-id=\"373a7877\" data-element_type=\"widget\" data-e-type=\"widget\" data-widget_type=\"image.default\">\n\t\t\t\t<div class=\"elementor-widget-container\">\n\t\t\t\t\t\t\t\t\t\t\t\t\t\t\t<img fetchpriority=\"high\" decoding=\"async\" width=\"451\" height=\"635\" src=\"https:\/\/ecopack.com.co\/wp-content\/uploads\/2023\/02\/Bisuteria-y-ropa.jpg\" class=\"elementor-animation-float attachment-full size-full wp-image-891\" alt=\"\" srcset=\"https:\/\/ecopack.com.co\/wp-content\/uploads\/2023\/02\/Bisuteria-y-ropa.jpg 451w, https:\/\/ecopack.com.co\/wp-content\/uploads\/2023\/02\/Bisuteria-y-ropa-213x300.jpg 213w\" sizes=\"(max-width: 451px) 100vw, 451px\" \/>\t\t\t\t\t\t\t\t\t\t\t\t\t\t\t<\/div>\n\t\t\t\t<\/div>\n\t\t\t\t\t<\/div>\n\t\t<\/div>\n\t\t\t\t<div class=\"elementor-column elementor-col-33 elementor-inner-column elementor-element elementor-element-3fc7ace5\" data-id=\"3fc7ace5\" data-element_type=\"column\" data-e-type=\"column\">\n\t\t\t<div class=\"elementor-widget-wrap elementor-element-populated\">\n\t\t\t\t\t\t<div class=\"elementor-element elementor-element-b67f659 elementor-widget elementor-widget-image\" data-id=\"b67f659\" data-element_type=\"widget\" data-e-type=\"widget\" data-widget_type=\"image.default\">\n\t\t\t\t<div class=\"elementor-widget-container\">\n\t\t\t\t\t\t\t\t\t\t\t\t\t\t\t<img decoding=\"async\" width=\"463\" height=\"594\" src=\"https:\/\/ecopack.com.co\/wp-content\/uploads\/2023\/02\/Bisuteria-y-ropa-5.jpg\" class=\"elementor-animation-float attachment-full size-full wp-image-890\" alt=\"\" srcset=\"https:\/\/ecopack.com.co\/wp-content\/uploads\/2023\/02\/Bisuteria-y-ropa-5.jpg 463w, https:\/\/ecopack.com.co\/wp-content\/uploads\/2023\/02\/Bisuteria-y-ropa-5-234x300.jpg 234w\" sizes=\"(max-width: 463px) 100vw, 463px\" \/>\t\t\t\t\t\t\t\t\t\t\t\t\t\t\t<\/div>\n\t\t\t\t<\/div>\n\t\t\t\t\t<\/div>\n\t\t<\/div>\n\t\t\t\t<div class=\"elementor-column elementor-col-33 elementor-inner-column elementor-element elementor-element-2dfdf2a2\" data-id=\"2dfdf2a2\" data-element_type=\"column\" data-e-type=\"column\">\n\t\t\t<div class=\"elementor-widget-wrap elementor-element-populated\">\n\t\t\t\t\t\t<div class=\"elementor-element elementor-element-6f5dba02 elementor-widget elementor-widget-image\" data-id=\"6f5dba02\" data-element_type=\"widget\" data-e-type=\"widget\" data-widget_type=\"image.default\">\n\t\t\t\t<div class=\"elementor-widget-container\">\n\t\t\t\t\t\t\t\t\t\t\t\t\t\t\t<img decoding=\"async\" width=\"483\" height=\"594\" src=\"https:\/\/ecopack.com.co\/wp-content\/uploads\/2023\/02\/Bisuteria-y-ropa-4.jpg\" class=\"elementor-animation-float attachment-full size-full wp-image-889\" alt=\"\" srcset=\"https:\/\/ecopack.com.co\/wp-content\/uploads\/2023\/02\/Bisuteria-y-ropa-4.jpg 483w, https:\/\/ecopack.com.co\/wp-content\/uploads\/2023\/02\/Bisuteria-y-ropa-4-244x300.jpg 244w\" sizes=\"(max-width: 483px) 100vw, 483px\" \/>\t\t\t\t\t\t\t\t\t\t\t\t\t\t\t<\/div>\n\t\t\t\t<\/div>\n\t\t\t\t\t<\/div>\n\t\t<\/div>\n\t\t\t\t\t<\/div>\n\t\t<\/section>\n\t\t\t\t<section class=\"elementor-section elementor-inner-section elementor-element elementor-element-057a7cd elementor-section-boxed elementor-section-height-default elementor-section-height-default\" data-id=\"057a7cd\" data-element_type=\"section\" data-e-type=\"section\">\n\t\t\t\t\t\t<div class=\"elementor-container elementor-column-gap-default\">\n\t\t\t\t\t<div class=\"elementor-column elementor-col-33 elementor-inner-column elementor-element elementor-element-c27cb5c\" data-id=\"c27cb5c\" data-element_type=\"column\" data-e-type=\"column\">\n\t\t\t<div class=\"elementor-widget-wrap elementor-element-populated\">\n\t\t\t\t\t\t<div class=\"elementor-element elementor-element-67db814 elementor-widget elementor-widget-image\" data-id=\"67db814\" data-element_type=\"widget\" data-e-type=\"widget\" data-widget_type=\"image.default\">\n\t\t\t\t<div class=\"elementor-widget-container\">\n\t\t\t\t\t\t\t\t\t\t\t\t\t\t\t<img loading=\"lazy\" decoding=\"async\" width=\"499\" height=\"650\" src=\"https:\/\/ecopack.com.co\/wp-content\/uploads\/2023\/02\/Bisuteria-y-ropa-3.jpg\" class=\"elementor-animation-float attachment-full size-full wp-image-888\" alt=\"\" srcset=\"https:\/\/ecopack.com.co\/wp-content\/uploads\/2023\/02\/Bisuteria-y-ropa-3.jpg 499w, https:\/\/ecopack.com.co\/wp-content\/uploads\/2023\/02\/Bisuteria-y-ropa-3-230x300.jpg 230w\" sizes=\"(max-width: 499px) 100vw, 499px\" \/>\t\t\t\t\t\t\t\t\t\t\t\t\t\t\t<\/div>\n\t\t\t\t<\/div>\n\t\t\t\t\t<\/div>\n\t\t<\/div>\n\t\t\t\t<div class=\"elementor-column elementor-col-33 elementor-inner-column elementor-element elementor-element-934c2c6\" data-id=\"934c2c6\" data-element_type=\"column\" data-e-type=\"column\">\n\t\t\t<div class=\"elementor-widget-wrap elementor-element-populated\">\n\t\t\t\t\t\t<div class=\"elementor-element elementor-element-1f9ce3d elementor-widget elementor-widget-image\" data-id=\"1f9ce3d\" data-element_type=\"widget\" data-e-type=\"widget\" data-widget_type=\"image.default\">\n\t\t\t\t<div class=\"elementor-widget-container\">\n\t\t\t\t\t\t\t\t\t\t\t\t\t\t\t<img loading=\"lazy\" decoding=\"async\" width=\"403\" height=\"499\" src=\"https:\/\/ecopack.com.co\/wp-content\/uploads\/2023\/02\/Bisuteria-y-ropa-2.jpg\" class=\"elementor-animation-float attachment-full size-full wp-image-887\" alt=\"\" srcset=\"https:\/\/ecopack.com.co\/wp-content\/uploads\/2023\/02\/Bisuteria-y-ropa-2.jpg 403w, https:\/\/ecopack.com.co\/wp-content\/uploads\/2023\/02\/Bisuteria-y-ropa-2-242x300.jpg 242w\" sizes=\"(max-width: 403px) 100vw, 403px\" \/>\t\t\t\t\t\t\t\t\t\t\t\t\t\t\t<\/div>\n\t\t\t\t<\/div>\n\t\t\t\t\t<\/div>\n\t\t<\/div>\n\t\t\t\t<div class=\"elementor-column elementor-col-33 elementor-inner-column elementor-element elementor-element-8ae7de0\" data-id=\"8ae7de0\" data-element_type=\"column\" data-e-type=\"column\">\n\t\t\t<div class=\"elementor-widget-wrap elementor-element-populated\">\n\t\t\t\t\t\t<div class=\"elementor-element elementor-element-def57e9 elementor-widget elementor-widget-image\" data-id=\"def57e9\" data-element_type=\"widget\" data-e-type=\"widget\" data-widget_type=\"image.default\">\n\t\t\t\t<div class=\"elementor-widget-container\">\n\t\t\t\t\t\t\t\t\t\t\t\t\t\t\t<img loading=\"lazy\" decoding=\"async\" width=\"453\" height=\"532\" src=\"https:\/\/ecopack.com.co\/wp-content\/uploads\/2023\/02\/Bisuteria-y-ropa-1.jpg\" class=\"elementor-animation-float attachment-full size-full wp-image-886\" alt=\"\" srcset=\"https:\/\/ecopack.com.co\/wp-content\/uploads\/2023\/02\/Bisuteria-y-ropa-1.jpg 453w, https:\/\/ecopack.com.co\/wp-content\/uploads\/2023\/02\/Bisuteria-y-ropa-1-255x300.jpg 255w\" sizes=\"(max-width: 453px) 100vw, 453px\" \/>\t\t\t\t\t\t\t\t\t\t\t\t\t\t\t<\/div>\n\t\t\t\t<\/div>\n\t\t\t\t\t<\/div>\n\t\t<\/div>\n\t\t\t\t\t<\/div>\n\t\t<\/section>\n\t\t\t\t<div class=\"elementor-element elementor-element-491f4694 elementor-widget elementor-widget-heading\" data-id=\"491f4694\" data-element_type=\"widget\" data-e-type=\"widget\" data-widget_type=\"heading.default\">\n\t\t\t\t<div class=\"elementor-widget-container\">\n\t\t\t\t\t<h3 class=\"elementor-heading-title elementor-size-default\">Medidas<\/h3>\t\t\t\t<\/div>\n\t\t\t\t<\/div>\n\t\t\t\t<section class=\"elementor-section elementor-inner-section elementor-element elementor-element-677fa3ee elementor-section-boxed elementor-section-height-default elementor-section-height-default\" data-id=\"677fa3ee\" data-element_type=\"section\" data-e-type=\"section\">\n\t\t\t\t\t\t<div class=\"elementor-container elementor-column-gap-default\">\n\t\t\t\t\t<div class=\"elementor-column elementor-col-33 elementor-inner-column elementor-element elementor-element-2adf1228\" data-id=\"2adf1228\" data-element_type=\"column\" data-e-type=\"column\">\n\t\t\t<div class=\"elementor-widget-wrap\">\n\t\t\t\t\t\t\t<\/div>\n\t\t<\/div>\n\t\t\t\t<div class=\"elementor-column elementor-col-33 elementor-inner-column elementor-element elementor-element-11d62e28\" data-id=\"11d62e28\" data-element_type=\"column\" data-e-type=\"column\" data-settings=\"{&quot;background_background&quot;:&quot;classic&quot;}\">\n\t\t\t<div class=\"elementor-widget-wrap elementor-element-populated\">\n\t\t\t\t\t\t<div class=\"elementor-element elementor-element-42485611 elementor-widget elementor-widget-image\" data-id=\"42485611\" data-element_type=\"widget\" data-e-type=\"widget\" data-widget_type=\"image.default\">\n\t\t\t\t<div class=\"elementor-widget-container\">\n\t\t\t\t\t\t\t\t\t\t\t\t\t\t\t<img loading=\"lazy\" decoding=\"async\" width=\"524\" height=\"430\" src=\"https:\/\/ecopack.com.co\/wp-content\/uploads\/2023\/02\/MEDIDAS-BISUTERIA.jpg\" class=\"elementor-animation-float attachment-full size-full wp-image-896\" alt=\"\" srcset=\"https:\/\/ecopack.com.co\/wp-content\/uploads\/2023\/02\/MEDIDAS-BISUTERIA.jpg 524w, https:\/\/ecopack.com.co\/wp-content\/uploads\/2023\/02\/MEDIDAS-BISUTERIA-300x246.jpg 300w\" sizes=\"(max-width: 524px) 100vw, 524px\" \/>\t\t\t\t\t\t\t\t\t\t\t\t\t\t\t<\/div>\n\t\t\t\t<\/div>\n\t\t\t\t\t<\/div>\n\t\t<\/div>\n\t\t\t\t<div class=\"elementor-column elementor-col-33 elementor-inner-column elementor-element elementor-element-66ae4a76\" data-id=\"66ae4a76\" data-element_type=\"column\" data-e-type=\"column\">\n\t\t\t<div class=\"elementor-widget-wrap\">\n\t\t\t\t\t\t\t<\/div>\n\t\t<\/div>\n\t\t\t\t\t<\/div>\n\t\t<\/section>\n\t\t\t\t\t<\/div>\n\t\t<\/div>\n\t\t\t\t\t<\/div>\n\t\t<\/section>\n\t\t\t\t<section class=\"elementor-section elementor-top-section elementor-element elementor-element-d4f882a elementor-section-boxed elementor-section-height-default elementor-section-height-default\" data-id=\"d4f882a\" data-element_type=\"section\" data-e-type=\"section\" data-settings=\"{&quot;background_background&quot;:&quot;classic&quot;}\">\n\t\t\t\t\t\t<div class=\"elementor-container elementor-column-gap-default\">\n\t\t\t\t\t<div class=\"elementor-column elementor-col-100 elementor-top-column elementor-element elementor-element-608bb8b\" data-id=\"608bb8b\" data-element_type=\"column\" data-e-type=\"column\">\n\t\t\t<div class=\"elementor-widget-wrap elementor-element-populated\">\n\t\t\t\t\t\t<div class=\"elementor-element elementor-element-2351e52 elementor-widget elementor-widget-heading\" data-id=\"2351e52\" data-element_type=\"widget\" data-e-type=\"widget\" data-widget_type=\"heading.default\">\n\t\t\t\t<div class=\"elementor-widget-container\">\n\t\t\t\t\t<h3 class=\"elementor-heading-title elementor-size-default\">GU\u00cdA PARA TOMAR LAS MEDIDAS<\/h3>\t\t\t\t<\/div>\n\t\t\t\t<\/div>\n\t\t\t\t<div class=\"elementor-element elementor-element-f060e76 elementor-widget-divider--view-line elementor-widget elementor-widget-divider\" data-id=\"f060e76\" data-element_type=\"widget\" data-e-type=\"widget\" data-widget_type=\"divider.default\">\n\t\t\t\t<div class=\"elementor-widget-container\">\n\t\t\t\t\t\t\t<div class=\"elementor-divider\">\n\t\t\t<span class=\"elementor-divider-separator\">\n\t\t\t\t\t\t<\/span>\n\t\t<\/div>\n\t\t\t\t\t\t<\/div>\n\t\t\t\t<\/div>\n\t\t\t\t<section class=\"elementor-section elementor-inner-section elementor-element elementor-element-e1a2526 elementor-section-boxed elementor-section-height-default elementor-section-height-default\" data-id=\"e1a2526\" data-element_type=\"section\" data-e-type=\"section\">\n\t\t\t\t\t\t<div class=\"elementor-container elementor-column-gap-default\">\n\t\t\t\t\t<div class=\"elementor-column elementor-col-33 elementor-inner-column elementor-element elementor-element-fb88e3d\" data-id=\"fb88e3d\" data-element_type=\"column\" data-e-type=\"column\">\n\t\t\t<div class=\"elementor-widget-wrap elementor-element-populated\">\n\t\t\t\t\t\t<div class=\"elementor-element elementor-element-3681aeb elementor-widget elementor-widget-image\" data-id=\"3681aeb\" data-element_type=\"widget\" data-e-type=\"widget\" data-widget_type=\"image.default\">\n\t\t\t\t<div class=\"elementor-widget-container\">\n\t\t\t\t\t\t\t\t\t\t\t\t\t\t\t<img loading=\"lazy\" decoding=\"async\" width=\"1056\" height=\"889\" src=\"https:\/\/ecopack.com.co\/wp-content\/uploads\/2023\/02\/Indicaciones-1.jpg\" class=\"elementor-animation-float attachment-full size-full wp-image-880\" alt=\"\" srcset=\"https:\/\/ecopack.com.co\/wp-content\/uploads\/2023\/02\/Indicaciones-1.jpg 1056w, https:\/\/ecopack.com.co\/wp-content\/uploads\/2023\/02\/Indicaciones-1-300x253.jpg 300w, https:\/\/ecopack.com.co\/wp-content\/uploads\/2023\/02\/Indicaciones-1-1024x862.jpg 1024w, https:\/\/ecopack.com.co\/wp-content\/uploads\/2023\/02\/Indicaciones-1-768x647.jpg 768w\" sizes=\"(max-width: 1056px) 100vw, 1056px\" \/>\t\t\t\t\t\t\t\t\t\t\t\t\t\t\t<\/div>\n\t\t\t\t<\/div>\n\t\t\t\t\t<\/div>\n\t\t<\/div>\n\t\t\t\t<div class=\"elementor-column elementor-col-33 elementor-inner-column elementor-element elementor-element-e816e1e\" data-id=\"e816e1e\" data-element_type=\"column\" data-e-type=\"column\">\n\t\t\t<div class=\"elementor-widget-wrap elementor-element-populated\">\n\t\t\t\t\t\t<div class=\"elementor-element elementor-element-ea67e5f elementor-widget elementor-widget-image\" data-id=\"ea67e5f\" data-element_type=\"widget\" data-e-type=\"widget\" data-widget_type=\"image.default\">\n\t\t\t\t<div class=\"elementor-widget-container\">\n\t\t\t\t\t\t\t\t\t\t\t\t\t\t\t<img loading=\"lazy\" decoding=\"async\" width=\"1056\" height=\"889\" src=\"https:\/\/ecopack.com.co\/wp-content\/uploads\/2023\/02\/Indicaciones.jpg\" class=\"elementor-animation-float attachment-full size-full wp-image-881\" alt=\"\" srcset=\"https:\/\/ecopack.com.co\/wp-content\/uploads\/2023\/02\/Indicaciones.jpg 1056w, https:\/\/ecopack.com.co\/wp-content\/uploads\/2023\/02\/Indicaciones-300x253.jpg 300w, https:\/\/ecopack.com.co\/wp-content\/uploads\/2023\/02\/Indicaciones-1024x862.jpg 1024w, https:\/\/ecopack.com.co\/wp-content\/uploads\/2023\/02\/Indicaciones-768x647.jpg 768w\" sizes=\"(max-width: 1056px) 100vw, 1056px\" \/>\t\t\t\t\t\t\t\t\t\t\t\t\t\t\t<\/div>\n\t\t\t\t<\/div>\n\t\t\t\t\t<\/div>\n\t\t<\/div>\n\t\t\t\t<div class=\"elementor-column elementor-col-33 elementor-inner-column elementor-element elementor-element-c1b04f8\" data-id=\"c1b04f8\" data-element_type=\"column\" data-e-type=\"column\">\n\t\t\t<div class=\"elementor-widget-wrap elementor-element-populated\">\n\t\t\t\t\t\t<div class=\"elementor-element elementor-element-63210e7 elementor-widget elementor-widget-image\" data-id=\"63210e7\" data-element_type=\"widget\" data-e-type=\"widget\" data-widget_type=\"image.default\">\n\t\t\t\t<div class=\"elementor-widget-container\">\n\t\t\t\t\t\t\t\t\t\t\t\t\t\t\t<img loading=\"lazy\" decoding=\"async\" width=\"1056\" height=\"889\" src=\"https:\/\/ecopack.com.co\/wp-content\/uploads\/2023\/02\/medidas.jpg\" class=\"elementor-animation-float attachment-full size-full wp-image-882\" alt=\"\" srcset=\"https:\/\/ecopack.com.co\/wp-content\/uploads\/2023\/02\/medidas.jpg 1056w, https:\/\/ecopack.com.co\/wp-content\/uploads\/2023\/02\/medidas-300x253.jpg 300w, https:\/\/ecopack.com.co\/wp-content\/uploads\/2023\/02\/medidas-1024x862.jpg 1024w, https:\/\/ecopack.com.co\/wp-content\/uploads\/2023\/02\/medidas-768x647.jpg 768w\" sizes=\"(max-width: 1056px) 100vw, 1056px\" \/>\t\t\t\t\t\t\t\t\t\t\t\t\t\t\t<\/div>\n\t\t\t\t<\/div>\n\t\t\t\t\t<\/div>\n\t\t<\/div>\n\t\t\t\t\t<\/div>\n\t\t<\/section>\n\t\t\t\t\t<\/div>\n\t\t<\/div>\n\t\t\t\t\t<\/div>\n\t\t<\/section>\n\t\t\t\t<\/div>\n\t\t","protected":false},"excerpt":{"rendered":"<p>Bisuter\u00eda y Ropa Empaques biodegradables en forma piramidal con o sin manija que de acuerdo a su tama\u00f1o se convierte en una posibilidad creativa para el empaque de joyas, bisuter\u00eda y prendas de vestir.Contamos con productos en stock gen\u00e9ricos y tambi\u00e9n la opci\u00f3n de personalizarlos. Empaques Para Ropa y Para Bisuter\u00eda Medidas GU\u00cdA PARA TOMAR [&hellip;]<\/p>\n","protected":false},"author":2,"featured_media":0,"parent":0,"menu_order":0,"comment_status":"closed","ping_status":"closed","template":"","meta":{"_joinchat":[],"footnotes":""},"class_list":["post-635","page","type-page","status-publish","hentry"],"_links":{"self":[{"href":"https:\/\/ecopack.com.co\/index.php\/wp-json\/wp\/v2\/pages\/635","targetHints":{"allow":["GET"]}}],"collection":[{"href":"https:\/\/ecopack.com.co\/index.php\/wp-json\/wp\/v2\/pages"}],"about":[{"href":"https:\/\/ecopack.com.co\/index.php\/wp-json\/wp\/v2\/types\/page"}],"author":[{"embeddable":true,"href":"https:\/\/ecopack.com.co\/index.php\/wp-json\/wp\/v2\/users\/2"}],"replies":[{"embeddable":true,"href":"https:\/\/ecopack.com.co\/index.php\/wp-json\/wp\/v2\/comments?post=635"}],"version-history":[{"count":25,"href":"https:\/\/ecopack.com.co\/index.php\/wp-json\/wp\/v2\/pages\/635\/revisions"}],"predecessor-version":[{"id":904,"href":"https:\/\/ecopack.com.co\/index.php\/wp-json\/wp\/v2\/pages\/635\/revisions\/904"}],"wp:attachment":[{"href":"https:\/\/ecopack.com.co\/index.php\/wp-json\/wp\/v2\/media?parent=635"}],"curies":[{"name":"wp","href":"https:\/\/api.w.org\/{rel}","templated":true}]}}