{"id":668,"date":"2023-02-25T03:40:03","date_gmt":"2023-02-25T03:40:03","guid":{"rendered":"https:\/\/ecopack.com.co\/?page_id=668"},"modified":"2023-03-04T01:16:46","modified_gmt":"2023-03-04T01:16:46","slug":"cajas-tipo-cojin","status":"publish","type":"page","link":"https:\/\/ecopack.com.co\/index.php\/cajas-tipo-cojin\/","title":{"rendered":"Cajas Tipo Coj\u00edn"},"content":{"rendered":"\t\t<div data-elementor-type=\"wp-page\" data-elementor-id=\"668\" class=\"elementor elementor-668\" data-elementor-post-type=\"page\">\n\t\t\t\t\t\t<section class=\"elementor-section elementor-top-section elementor-element elementor-element-457936a6 elementor-section-height-min-height elementor-reverse-mobile elementor-section-boxed elementor-section-height-default elementor-section-items-middle\" data-id=\"457936a6\" data-element_type=\"section\" data-e-type=\"section\" data-settings=\"{&quot;background_background&quot;:&quot;classic&quot;,&quot;background_motion_fx_motion_fx_scrolling&quot;:&quot;yes&quot;,&quot;background_motion_fx_blur_effect&quot;:&quot;yes&quot;,&quot;background_motion_fx_blur_direction&quot;:&quot;in-out&quot;,&quot;background_motion_fx_blur_level&quot;:{&quot;unit&quot;:&quot;px&quot;,&quot;size&quot;:9,&quot;sizes&quot;:[]},&quot;background_motion_fx_blur_range&quot;:{&quot;unit&quot;:&quot;%&quot;,&quot;size&quot;:&quot;&quot;,&quot;sizes&quot;:{&quot;start&quot;:76,&quot;end&quot;:94}},&quot;background_motion_fx_devices&quot;:[&quot;desktop&quot;,&quot;tablet&quot;,&quot;mobile&quot;]}\">\n\t\t\t\t\t\t\t<div class=\"elementor-background-overlay\"><\/div>\n\t\t\t\t\t\t\t<div class=\"elementor-container elementor-column-gap-default\">\n\t\t\t\t\t<div class=\"elementor-column elementor-col-50 elementor-top-column elementor-element elementor-element-79cad9db\" data-id=\"79cad9db\" data-element_type=\"column\" data-e-type=\"column\">\n\t\t\t<div class=\"elementor-widget-wrap elementor-element-populated\">\n\t\t\t\t\t\t<div class=\"elementor-element elementor-element-6cfdfa5f elementor-widget elementor-widget-heading\" data-id=\"6cfdfa5f\" data-element_type=\"widget\" data-e-type=\"widget\" data-widget_type=\"heading.default\">\n\t\t\t\t<div class=\"elementor-widget-container\">\n\t\t\t\t\t<h2 class=\"elementor-heading-title elementor-size-default\">Cajas Tipo Coj\u00edn<\/h2>\t\t\t\t<\/div>\n\t\t\t\t<\/div>\n\t\t\t\t\t<\/div>\n\t\t<\/div>\n\t\t\t\t<div class=\"elementor-column elementor-col-50 elementor-top-column elementor-element elementor-element-69787a72\" data-id=\"69787a72\" data-element_type=\"column\" data-e-type=\"column\">\n\t\t\t<div class=\"elementor-widget-wrap\">\n\t\t\t\t\t\t\t<\/div>\n\t\t<\/div>\n\t\t\t\t\t<\/div>\n\t\t<\/section>\n\t\t\t\t<section class=\"elementor-section elementor-top-section elementor-element elementor-element-4ea467e0 elementor-section-boxed elementor-section-height-default elementor-section-height-default\" data-id=\"4ea467e0\" data-element_type=\"section\" data-e-type=\"section\" data-settings=\"{&quot;background_background&quot;:&quot;classic&quot;}\">\n\t\t\t\t\t\t<div class=\"elementor-container elementor-column-gap-default\">\n\t\t\t\t\t<div class=\"elementor-column elementor-col-100 elementor-top-column elementor-element elementor-element-65c8d878\" data-id=\"65c8d878\" data-element_type=\"column\" data-e-type=\"column\">\n\t\t\t<div class=\"elementor-widget-wrap elementor-element-populated\">\n\t\t\t\t\t\t<div class=\"elementor-element elementor-element-6787bce0 elementor-widget elementor-widget-text-editor\" data-id=\"6787bce0\" data-element_type=\"widget\" data-e-type=\"widget\" data-widget_type=\"text-editor.default\">\n\t\t\t\t<div class=\"elementor-widget-container\">\n\t\t\t\t\t\t\t\t\t<p>\u00bfEst\u00e1 buscando una soluci\u00f3n de embalaje eficiente y elegante para su tienda de retail? Nuestras cajas tipo coj\u00edn son la opci\u00f3n perfecta para proteger y presentar sus productos de manera profesional.<\/p><p>Nuestras cajas tipo coj\u00edn est\u00e1n dise\u00f1adas para proteger sus productos durante el transporte y almacenamiento, mientras que al mismo tiempo ofrecen una presentaci\u00f3n atractiva para sus clientes. Est\u00e1n fabricadas con materiales biodegradables de alta calidad y son extremadamente resistentes, lo que significa que sus productos estar\u00e1n seguros y protegidos en todo momento.<\/p><p>Adem\u00e1s, nuestras cajas tipo coj\u00edn son personalizables, lo que significa que podemos adaptarlas a las necesidades de su negocio y asegurarnos de que transmitan su mensaje y refuercen su marca. Ofrecemos una amplia variedad de tama\u00f1os y dise\u00f1os para asegurarnos de que nuestras cajas tipo coj\u00edn se ajusten perfectamente a sus productos y necesidades.<\/p><p>Otra ventaja de nuestras cajas tipo coj\u00edn es que son f\u00e1ciles de ensamblar y usar, lo que ahorra tiempo y esfuerzo. Adem\u00e1s, ofrecen una presentaci\u00f3n profesional que mejorar\u00e1 la experiencia de compra de sus clientes, lo que aumentar\u00e1 la fidelidad y las ventas.<\/p><p>\u00a1Cont\u00e1ctenos hoy para saber m\u00e1s sobre nuestras cajas tipo coj\u00edn y c\u00f3mo podemos ayudarlo a mejorar la presentaci\u00f3n de sus productos!<\/p>\t\t\t\t\t\t\t\t<\/div>\n\t\t\t\t<\/div>\n\t\t\t\t<div class=\"elementor-element elementor-element-64b0c92a elementor-widget elementor-widget-heading\" data-id=\"64b0c92a\" data-element_type=\"widget\" data-e-type=\"widget\" data-widget_type=\"heading.default\">\n\t\t\t\t<div class=\"elementor-widget-container\">\n\t\t\t\t\t<h3 class=\"elementor-heading-title elementor-size-default\">Cajas Coj\u00edn<\/h3>\t\t\t\t<\/div>\n\t\t\t\t<\/div>\n\t\t\t\t<div class=\"elementor-element elementor-element-332dbfba elementor-widget-divider--view-line elementor-widget elementor-widget-divider\" data-id=\"332dbfba\" data-element_type=\"widget\" data-e-type=\"widget\" data-widget_type=\"divider.default\">\n\t\t\t\t<div class=\"elementor-widget-container\">\n\t\t\t\t\t\t\t<div class=\"elementor-divider\">\n\t\t\t<span class=\"elementor-divider-separator\">\n\t\t\t\t\t\t<\/span>\n\t\t<\/div>\n\t\t\t\t\t\t<\/div>\n\t\t\t\t<\/div>\n\t\t\t\t<section class=\"elementor-section elementor-inner-section elementor-element elementor-element-457ff2e9 elementor-section-boxed elementor-section-height-default elementor-section-height-default\" data-id=\"457ff2e9\" data-element_type=\"section\" data-e-type=\"section\">\n\t\t\t\t\t\t<div class=\"elementor-container elementor-column-gap-default\">\n\t\t\t\t\t<div class=\"elementor-column elementor-col-33 elementor-inner-column elementor-element elementor-element-3580d26b\" data-id=\"3580d26b\" data-element_type=\"column\" data-e-type=\"column\">\n\t\t\t<div class=\"elementor-widget-wrap elementor-element-populated\">\n\t\t\t\t\t\t<div class=\"elementor-element elementor-element-7607407e elementor-widget elementor-widget-image\" data-id=\"7607407e\" data-element_type=\"widget\" data-e-type=\"widget\" data-widget_type=\"image.default\">\n\t\t\t\t<div class=\"elementor-widget-container\">\n\t\t\t\t\t\t\t\t\t\t\t\t\t\t\t<img fetchpriority=\"high\" decoding=\"async\" width=\"1056\" height=\"816\" src=\"https:\/\/ecopack.com.co\/wp-content\/uploads\/2023\/02\/caja-cojin-3.jpg\" class=\"elementor-animation-float attachment-full size-full wp-image-871\" alt=\"\" srcset=\"https:\/\/ecopack.com.co\/wp-content\/uploads\/2023\/02\/caja-cojin-3.jpg 1056w, https:\/\/ecopack.com.co\/wp-content\/uploads\/2023\/02\/caja-cojin-3-300x232.jpg 300w, https:\/\/ecopack.com.co\/wp-content\/uploads\/2023\/02\/caja-cojin-3-1024x791.jpg 1024w, https:\/\/ecopack.com.co\/wp-content\/uploads\/2023\/02\/caja-cojin-3-768x593.jpg 768w\" sizes=\"(max-width: 1056px) 100vw, 1056px\" \/>\t\t\t\t\t\t\t\t\t\t\t\t\t\t\t<\/div>\n\t\t\t\t<\/div>\n\t\t\t\t\t<\/div>\n\t\t<\/div>\n\t\t\t\t<div class=\"elementor-column elementor-col-33 elementor-inner-column elementor-element elementor-element-636fd27a\" data-id=\"636fd27a\" data-element_type=\"column\" data-e-type=\"column\">\n\t\t\t<div class=\"elementor-widget-wrap elementor-element-populated\">\n\t\t\t\t\t\t<div class=\"elementor-element elementor-element-7481caa9 elementor-widget elementor-widget-image\" data-id=\"7481caa9\" data-element_type=\"widget\" data-e-type=\"widget\" data-widget_type=\"image.default\">\n\t\t\t\t<div class=\"elementor-widget-container\">\n\t\t\t\t\t\t\t\t\t\t\t\t\t\t\t<img decoding=\"async\" width=\"1056\" height=\"816\" src=\"https:\/\/ecopack.com.co\/wp-content\/uploads\/2023\/02\/caja-cojin-1.jpg\" class=\"elementor-animation-float attachment-full size-full wp-image-869\" alt=\"\" srcset=\"https:\/\/ecopack.com.co\/wp-content\/uploads\/2023\/02\/caja-cojin-1.jpg 1056w, https:\/\/ecopack.com.co\/wp-content\/uploads\/2023\/02\/caja-cojin-1-300x232.jpg 300w, https:\/\/ecopack.com.co\/wp-content\/uploads\/2023\/02\/caja-cojin-1-1024x791.jpg 1024w, https:\/\/ecopack.com.co\/wp-content\/uploads\/2023\/02\/caja-cojin-1-768x593.jpg 768w\" sizes=\"(max-width: 1056px) 100vw, 1056px\" \/>\t\t\t\t\t\t\t\t\t\t\t\t\t\t\t<\/div>\n\t\t\t\t<\/div>\n\t\t\t\t\t<\/div>\n\t\t<\/div>\n\t\t\t\t<div class=\"elementor-column elementor-col-33 elementor-inner-column elementor-element elementor-element-21266fd2\" data-id=\"21266fd2\" data-element_type=\"column\" data-e-type=\"column\">\n\t\t\t<div class=\"elementor-widget-wrap elementor-element-populated\">\n\t\t\t\t\t\t<div class=\"elementor-element elementor-element-33017fdc elementor-widget elementor-widget-image\" data-id=\"33017fdc\" data-element_type=\"widget\" data-e-type=\"widget\" data-widget_type=\"image.default\">\n\t\t\t\t<div class=\"elementor-widget-container\">\n\t\t\t\t\t\t\t\t\t\t\t\t\t\t\t<img decoding=\"async\" width=\"1056\" height=\"816\" src=\"https:\/\/ecopack.com.co\/wp-content\/uploads\/2023\/02\/caja-cojin-2.jpg\" class=\"elementor-animation-float attachment-full size-full wp-image-870\" alt=\"\" srcset=\"https:\/\/ecopack.com.co\/wp-content\/uploads\/2023\/02\/caja-cojin-2.jpg 1056w, https:\/\/ecopack.com.co\/wp-content\/uploads\/2023\/02\/caja-cojin-2-300x232.jpg 300w, https:\/\/ecopack.com.co\/wp-content\/uploads\/2023\/02\/caja-cojin-2-1024x791.jpg 1024w, https:\/\/ecopack.com.co\/wp-content\/uploads\/2023\/02\/caja-cojin-2-768x593.jpg 768w\" sizes=\"(max-width: 1056px) 100vw, 1056px\" \/>\t\t\t\t\t\t\t\t\t\t\t\t\t\t\t<\/div>\n\t\t\t\t<\/div>\n\t\t\t\t\t<\/div>\n\t\t<\/div>\n\t\t\t\t\t<\/div>\n\t\t<\/section>\n\t\t\t\t<div class=\"elementor-element elementor-element-3dc10326 elementor-widget elementor-widget-heading\" data-id=\"3dc10326\" data-element_type=\"widget\" data-e-type=\"widget\" data-widget_type=\"heading.default\">\n\t\t\t\t<div class=\"elementor-widget-container\">\n\t\t\t\t\t<h3 class=\"elementor-heading-title elementor-size-default\">Medidas<\/h3>\t\t\t\t<\/div>\n\t\t\t\t<\/div>\n\t\t\t\t<section class=\"elementor-section elementor-inner-section elementor-element elementor-element-32d181ed elementor-section-boxed elementor-section-height-default elementor-section-height-default\" data-id=\"32d181ed\" data-element_type=\"section\" data-e-type=\"section\">\n\t\t\t\t\t\t<div class=\"elementor-container elementor-column-gap-default\">\n\t\t\t\t\t<div class=\"elementor-column elementor-col-33 elementor-inner-column elementor-element elementor-element-19ffff80\" data-id=\"19ffff80\" data-element_type=\"column\" data-e-type=\"column\">\n\t\t\t<div class=\"elementor-widget-wrap\">\n\t\t\t\t\t\t\t<\/div>\n\t\t<\/div>\n\t\t\t\t<div class=\"elementor-column elementor-col-33 elementor-inner-column elementor-element elementor-element-29119c37\" data-id=\"29119c37\" data-element_type=\"column\" data-e-type=\"column\" data-settings=\"{&quot;background_background&quot;:&quot;classic&quot;}\">\n\t\t\t<div class=\"elementor-widget-wrap elementor-element-populated\">\n\t\t\t\t\t\t<div class=\"elementor-element elementor-element-7075c271 elementor-widget elementor-widget-image\" data-id=\"7075c271\" data-element_type=\"widget\" data-e-type=\"widget\" data-widget_type=\"image.default\">\n\t\t\t\t<div class=\"elementor-widget-container\">\n\t\t\t\t\t\t\t\t\t\t\t\t\t\t\t<img loading=\"lazy\" decoding=\"async\" width=\"524\" height=\"391\" src=\"https:\/\/ecopack.com.co\/wp-content\/uploads\/2023\/02\/MEDIDAS-CAJAS-COJIN.jpg\" class=\"elementor-animation-float attachment-full size-full wp-image-754\" alt=\"\" srcset=\"https:\/\/ecopack.com.co\/wp-content\/uploads\/2023\/02\/MEDIDAS-CAJAS-COJIN.jpg 524w, https:\/\/ecopack.com.co\/wp-content\/uploads\/2023\/02\/MEDIDAS-CAJAS-COJIN-300x224.jpg 300w\" sizes=\"(max-width: 524px) 100vw, 524px\" \/>\t\t\t\t\t\t\t\t\t\t\t\t\t\t\t<\/div>\n\t\t\t\t<\/div>\n\t\t\t\t\t<\/div>\n\t\t<\/div>\n\t\t\t\t<div class=\"elementor-column elementor-col-33 elementor-inner-column elementor-element elementor-element-6711810b\" data-id=\"6711810b\" data-element_type=\"column\" data-e-type=\"column\">\n\t\t\t<div class=\"elementor-widget-wrap\">\n\t\t\t\t\t\t\t<\/div>\n\t\t<\/div>\n\t\t\t\t\t<\/div>\n\t\t<\/section>\n\t\t\t\t\t<\/div>\n\t\t<\/div>\n\t\t\t\t\t<\/div>\n\t\t<\/section>\n\t\t\t\t<section class=\"elementor-section elementor-top-section elementor-element elementor-element-fdb48e6 elementor-section-boxed elementor-section-height-default elementor-section-height-default\" data-id=\"fdb48e6\" data-element_type=\"section\" data-e-type=\"section\" data-settings=\"{&quot;background_background&quot;:&quot;classic&quot;}\">\n\t\t\t\t\t\t<div class=\"elementor-container elementor-column-gap-default\">\n\t\t\t\t\t<div class=\"elementor-column elementor-col-100 elementor-top-column elementor-element elementor-element-d75a8b3\" data-id=\"d75a8b3\" data-element_type=\"column\" data-e-type=\"column\">\n\t\t\t<div class=\"elementor-widget-wrap elementor-element-populated\">\n\t\t\t\t\t\t<div class=\"elementor-element elementor-element-f6786db elementor-widget elementor-widget-heading\" data-id=\"f6786db\" data-element_type=\"widget\" data-e-type=\"widget\" data-widget_type=\"heading.default\">\n\t\t\t\t<div class=\"elementor-widget-container\">\n\t\t\t\t\t<h3 class=\"elementor-heading-title elementor-size-default\">GU\u00cdA PARA TOMAR LAS MEDIDAS<\/h3>\t\t\t\t<\/div>\n\t\t\t\t<\/div>\n\t\t\t\t<div class=\"elementor-element elementor-element-0d92945 elementor-widget-divider--view-line elementor-widget elementor-widget-divider\" data-id=\"0d92945\" data-element_type=\"widget\" data-e-type=\"widget\" data-widget_type=\"divider.default\">\n\t\t\t\t<div class=\"elementor-widget-container\">\n\t\t\t\t\t\t\t<div class=\"elementor-divider\">\n\t\t\t<span class=\"elementor-divider-separator\">\n\t\t\t\t\t\t<\/span>\n\t\t<\/div>\n\t\t\t\t\t\t<\/div>\n\t\t\t\t<\/div>\n\t\t\t\t<section class=\"elementor-section elementor-inner-section elementor-element elementor-element-926accd elementor-section-boxed elementor-section-height-default elementor-section-height-default\" data-id=\"926accd\" data-element_type=\"section\" data-e-type=\"section\">\n\t\t\t\t\t\t<div class=\"elementor-container elementor-column-gap-default\">\n\t\t\t\t\t<div class=\"elementor-column elementor-col-33 elementor-inner-column elementor-element elementor-element-fa17f0c\" data-id=\"fa17f0c\" data-element_type=\"column\" data-e-type=\"column\">\n\t\t\t<div class=\"elementor-widget-wrap\">\n\t\t\t\t\t\t\t<\/div>\n\t\t<\/div>\n\t\t\t\t<div class=\"elementor-column elementor-col-33 elementor-inner-column elementor-element elementor-element-dd581f6\" data-id=\"dd581f6\" data-element_type=\"column\" data-e-type=\"column\">\n\t\t\t<div class=\"elementor-widget-wrap elementor-element-populated\">\n\t\t\t\t\t\t<div class=\"elementor-element elementor-element-888a764 elementor-widget elementor-widget-image\" data-id=\"888a764\" data-element_type=\"widget\" data-e-type=\"widget\" data-widget_type=\"image.default\">\n\t\t\t\t<div class=\"elementor-widget-container\">\n\t\t\t\t\t\t\t\t\t\t\t\t\t\t\t<img loading=\"lazy\" decoding=\"async\" width=\"792\" height=\"612\" src=\"https:\/\/ecopack.com.co\/wp-content\/uploads\/2023\/02\/caja-cojin-medidas.jpg\" class=\"elementor-animation-float attachment-full size-full wp-image-872\" alt=\"\" srcset=\"https:\/\/ecopack.com.co\/wp-content\/uploads\/2023\/02\/caja-cojin-medidas.jpg 792w, https:\/\/ecopack.com.co\/wp-content\/uploads\/2023\/02\/caja-cojin-medidas-300x232.jpg 300w, https:\/\/ecopack.com.co\/wp-content\/uploads\/2023\/02\/caja-cojin-medidas-768x593.jpg 768w\" sizes=\"(max-width: 792px) 100vw, 792px\" \/>\t\t\t\t\t\t\t\t\t\t\t\t\t\t\t<\/div>\n\t\t\t\t<\/div>\n\t\t\t\t\t<\/div>\n\t\t<\/div>\n\t\t\t\t<div class=\"elementor-column elementor-col-33 elementor-inner-column elementor-element elementor-element-4381c49\" data-id=\"4381c49\" data-element_type=\"column\" data-e-type=\"column\">\n\t\t\t<div class=\"elementor-widget-wrap\">\n\t\t\t\t\t\t\t<\/div>\n\t\t<\/div>\n\t\t\t\t\t<\/div>\n\t\t<\/section>\n\t\t\t\t\t<\/div>\n\t\t<\/div>\n\t\t\t\t\t<\/div>\n\t\t<\/section>\n\t\t\t\t<\/div>\n\t\t","protected":false},"excerpt":{"rendered":"<p>Cajas Tipo Coj\u00edn \u00bfEst\u00e1 buscando una soluci\u00f3n de embalaje eficiente y elegante para su tienda de retail? Nuestras cajas tipo coj\u00edn son la opci\u00f3n perfecta para proteger y presentar sus productos de manera profesional. Nuestras cajas tipo coj\u00edn est\u00e1n dise\u00f1adas para proteger sus productos durante el transporte y almacenamiento, mientras que al mismo tiempo ofrecen [&hellip;]<\/p>\n","protected":false},"author":2,"featured_media":0,"parent":0,"menu_order":0,"comment_status":"closed","ping_status":"closed","template":"","meta":{"_joinchat":[],"footnotes":""},"class_list":["post-668","page","type-page","status-publish","hentry"],"_links":{"self":[{"href":"https:\/\/ecopack.com.co\/index.php\/wp-json\/wp\/v2\/pages\/668","targetHints":{"allow":["GET"]}}],"collection":[{"href":"https:\/\/ecopack.com.co\/index.php\/wp-json\/wp\/v2\/pages"}],"about":[{"href":"https:\/\/ecopack.com.co\/index.php\/wp-json\/wp\/v2\/types\/page"}],"author":[{"embeddable":true,"href":"https:\/\/ecopack.com.co\/index.php\/wp-json\/wp\/v2\/users\/2"}],"replies":[{"embeddable":true,"href":"https:\/\/ecopack.com.co\/index.php\/wp-json\/wp\/v2\/comments?post=668"}],"version-history":[{"count":22,"href":"https:\/\/ecopack.com.co\/index.php\/wp-json\/wp\/v2\/pages\/668\/revisions"}],"predecessor-version":[{"id":981,"href":"https:\/\/ecopack.com.co\/index.php\/wp-json\/wp\/v2\/pages\/668\/revisions\/981"}],"wp:attachment":[{"href":"https:\/\/ecopack.com.co\/index.php\/wp-json\/wp\/v2\/media?parent=668"}],"curies":[{"name":"wp","href":"https:\/\/api.w.org\/{rel}","templated":true}]}}