{"id":674,"date":"2023-02-25T03:45:09","date_gmt":"2023-02-25T03:45:09","guid":{"rendered":"https:\/\/ecopack.com.co\/?page_id=674"},"modified":"2023-03-03T17:36:40","modified_gmt":"2023-03-03T17:36:40","slug":"cajas-base-funda","status":"publish","type":"page","link":"https:\/\/ecopack.com.co\/index.php\/cajas-base-funda\/","title":{"rendered":"Cajas Base Funda"},"content":{"rendered":"\t\t<div data-elementor-type=\"wp-page\" data-elementor-id=\"674\" class=\"elementor elementor-674\" data-elementor-post-type=\"page\">\n\t\t\t\t\t\t<section class=\"elementor-section elementor-top-section elementor-element elementor-element-1514dc94 elementor-section-height-min-height elementor-reverse-mobile elementor-section-boxed elementor-section-height-default elementor-section-items-middle\" data-id=\"1514dc94\" data-element_type=\"section\" data-e-type=\"section\" data-settings=\"{&quot;background_background&quot;:&quot;classic&quot;,&quot;background_motion_fx_motion_fx_scrolling&quot;:&quot;yes&quot;,&quot;background_motion_fx_blur_effect&quot;:&quot;yes&quot;,&quot;background_motion_fx_blur_direction&quot;:&quot;in-out&quot;,&quot;background_motion_fx_blur_level&quot;:{&quot;unit&quot;:&quot;px&quot;,&quot;size&quot;:9,&quot;sizes&quot;:[]},&quot;background_motion_fx_blur_range&quot;:{&quot;unit&quot;:&quot;%&quot;,&quot;size&quot;:&quot;&quot;,&quot;sizes&quot;:{&quot;start&quot;:76,&quot;end&quot;:94}},&quot;background_motion_fx_devices&quot;:[&quot;desktop&quot;,&quot;tablet&quot;,&quot;mobile&quot;]}\">\n\t\t\t\t\t\t\t<div class=\"elementor-background-overlay\"><\/div>\n\t\t\t\t\t\t\t<div class=\"elementor-container elementor-column-gap-default\">\n\t\t\t\t\t<div class=\"elementor-column elementor-col-50 elementor-top-column elementor-element elementor-element-28deccbb\" data-id=\"28deccbb\" data-element_type=\"column\" data-e-type=\"column\">\n\t\t\t<div class=\"elementor-widget-wrap elementor-element-populated\">\n\t\t\t\t\t\t<div class=\"elementor-element elementor-element-75a39005 elementor-widget elementor-widget-heading\" data-id=\"75a39005\" data-element_type=\"widget\" data-e-type=\"widget\" data-widget_type=\"heading.default\">\n\t\t\t\t<div class=\"elementor-widget-container\">\n\t\t\t\t\t<h2 class=\"elementor-heading-title elementor-size-default\">Cajas Base Funda<\/h2>\t\t\t\t<\/div>\n\t\t\t\t<\/div>\n\t\t\t\t\t<\/div>\n\t\t<\/div>\n\t\t\t\t<div class=\"elementor-column elementor-col-50 elementor-top-column elementor-element elementor-element-373dc294\" data-id=\"373dc294\" data-element_type=\"column\" data-e-type=\"column\">\n\t\t\t<div class=\"elementor-widget-wrap\">\n\t\t\t\t\t\t\t<\/div>\n\t\t<\/div>\n\t\t\t\t\t<\/div>\n\t\t<\/section>\n\t\t\t\t<section class=\"elementor-section elementor-top-section elementor-element elementor-element-10782dcb elementor-section-boxed elementor-section-height-default elementor-section-height-default\" data-id=\"10782dcb\" data-element_type=\"section\" data-e-type=\"section\" data-settings=\"{&quot;background_background&quot;:&quot;classic&quot;}\">\n\t\t\t\t\t\t<div class=\"elementor-container elementor-column-gap-default\">\n\t\t\t\t\t<div class=\"elementor-column elementor-col-100 elementor-top-column elementor-element elementor-element-5220f771\" data-id=\"5220f771\" data-element_type=\"column\" data-e-type=\"column\">\n\t\t\t<div class=\"elementor-widget-wrap elementor-element-populated\">\n\t\t\t\t\t\t<div class=\"elementor-element elementor-element-49e5d370 elementor-widget elementor-widget-text-editor\" data-id=\"49e5d370\" data-element_type=\"widget\" data-e-type=\"widget\" data-widget_type=\"text-editor.default\">\n\t\t\t\t<div class=\"elementor-widget-container\">\n\t\t\t\t\t\t\t\t\t<p>Nuestras cajas base funda, elaboradas\u00a0 con materiales biodegradables, est\u00e1n dise\u00f1adas para brindar una protecci\u00f3n \u00f3ptima a sus productos durante el transporte y almacenamiento. Est\u00e1n fabricadas con materiales de alta calidad y son extremadamente resistentes, lo que significa que sus productos estar\u00e1n seguros y protegidos en todo momento.<\/p><p>Adem\u00e1s, nuestras cajas base funda son personalizables, lo que significa que podemos adaptarlas a las necesidades de su negocio y asegurarnos de que transmitan su mensaje y refuercen su marca. Ofrecemos una amplia variedad de tama\u00f1os, formas y dise\u00f1os para asegurarnos de que nuestras cajas tapa base se ajusten perfectamente a sus productos y necesidades.<\/p><p>Otra ventaja de nuestras cajas base funda es que son f\u00e1ciles de ensamblar y usar. Esto significa que no tendr\u00e1 que perder tiempo valioso en la preparaci\u00f3n del embalaje y podr\u00e1 centrarse en otras \u00e1reas importantes de su negocio.<\/p>\t\t\t\t\t\t\t\t<\/div>\n\t\t\t\t<\/div>\n\t\t\t\t<div class=\"elementor-element elementor-element-1e234fc8 elementor-widget elementor-widget-heading\" data-id=\"1e234fc8\" data-element_type=\"widget\" data-e-type=\"widget\" data-widget_type=\"heading.default\">\n\t\t\t\t<div class=\"elementor-widget-container\">\n\t\t\t\t\t<h3 class=\"elementor-heading-title elementor-size-default\">Cajas Base Funda<\/h3>\t\t\t\t<\/div>\n\t\t\t\t<\/div>\n\t\t\t\t<div class=\"elementor-element elementor-element-25dc8c57 elementor-widget-divider--view-line elementor-widget elementor-widget-divider\" data-id=\"25dc8c57\" data-element_type=\"widget\" data-e-type=\"widget\" data-widget_type=\"divider.default\">\n\t\t\t\t<div class=\"elementor-widget-container\">\n\t\t\t\t\t\t\t<div class=\"elementor-divider\">\n\t\t\t<span class=\"elementor-divider-separator\">\n\t\t\t\t\t\t<\/span>\n\t\t<\/div>\n\t\t\t\t\t\t<\/div>\n\t\t\t\t<\/div>\n\t\t\t\t<section class=\"elementor-section elementor-inner-section elementor-element elementor-element-50252c29 elementor-section-boxed elementor-section-height-default elementor-section-height-default\" data-id=\"50252c29\" data-element_type=\"section\" data-e-type=\"section\">\n\t\t\t\t\t\t<div class=\"elementor-container elementor-column-gap-default\">\n\t\t\t\t\t<div class=\"elementor-column elementor-col-33 elementor-inner-column elementor-element elementor-element-9f774d0\" data-id=\"9f774d0\" data-element_type=\"column\" data-e-type=\"column\">\n\t\t\t<div class=\"elementor-widget-wrap elementor-element-populated\">\n\t\t\t\t\t\t<div class=\"elementor-element elementor-element-446be48f elementor-widget elementor-widget-image\" data-id=\"446be48f\" data-element_type=\"widget\" data-e-type=\"widget\" data-widget_type=\"image.default\">\n\t\t\t\t<div class=\"elementor-widget-container\">\n\t\t\t\t\t\t\t\t\t\t\t\t\t\t\t<img fetchpriority=\"high\" decoding=\"async\" width=\"792\" height=\"612\" src=\"https:\/\/ecopack.com.co\/wp-content\/uploads\/2023\/02\/cajas-base-3.jpg\" class=\"elementor-animation-float attachment-full size-full wp-image-812\" alt=\"\" srcset=\"https:\/\/ecopack.com.co\/wp-content\/uploads\/2023\/02\/cajas-base-3.jpg 792w, https:\/\/ecopack.com.co\/wp-content\/uploads\/2023\/02\/cajas-base-3-300x232.jpg 300w, https:\/\/ecopack.com.co\/wp-content\/uploads\/2023\/02\/cajas-base-3-768x593.jpg 768w\" sizes=\"(max-width: 792px) 100vw, 792px\" \/>\t\t\t\t\t\t\t\t\t\t\t\t\t\t\t<\/div>\n\t\t\t\t<\/div>\n\t\t\t\t\t<\/div>\n\t\t<\/div>\n\t\t\t\t<div class=\"elementor-column elementor-col-33 elementor-inner-column elementor-element elementor-element-745f3525\" data-id=\"745f3525\" data-element_type=\"column\" data-e-type=\"column\">\n\t\t\t<div class=\"elementor-widget-wrap elementor-element-populated\">\n\t\t\t\t\t\t<div class=\"elementor-element elementor-element-2efffcee elementor-widget elementor-widget-image\" data-id=\"2efffcee\" data-element_type=\"widget\" data-e-type=\"widget\" data-widget_type=\"image.default\">\n\t\t\t\t<div class=\"elementor-widget-container\">\n\t\t\t\t\t\t\t\t\t\t\t\t\t\t\t<img decoding=\"async\" width=\"1056\" height=\"816\" src=\"https:\/\/ecopack.com.co\/wp-content\/uploads\/2023\/02\/cajas-base-2.jpg\" class=\"elementor-animation-float attachment-full size-full wp-image-811\" alt=\"\" srcset=\"https:\/\/ecopack.com.co\/wp-content\/uploads\/2023\/02\/cajas-base-2.jpg 1056w, https:\/\/ecopack.com.co\/wp-content\/uploads\/2023\/02\/cajas-base-2-300x232.jpg 300w, https:\/\/ecopack.com.co\/wp-content\/uploads\/2023\/02\/cajas-base-2-1024x791.jpg 1024w, https:\/\/ecopack.com.co\/wp-content\/uploads\/2023\/02\/cajas-base-2-768x593.jpg 768w\" sizes=\"(max-width: 1056px) 100vw, 1056px\" \/>\t\t\t\t\t\t\t\t\t\t\t\t\t\t\t<\/div>\n\t\t\t\t<\/div>\n\t\t\t\t\t<\/div>\n\t\t<\/div>\n\t\t\t\t<div class=\"elementor-column elementor-col-33 elementor-inner-column elementor-element elementor-element-7c0c1ac4\" data-id=\"7c0c1ac4\" data-element_type=\"column\" data-e-type=\"column\">\n\t\t\t<div class=\"elementor-widget-wrap elementor-element-populated\">\n\t\t\t\t\t\t<div class=\"elementor-element elementor-element-4e8820d3 elementor-widget elementor-widget-image\" data-id=\"4e8820d3\" data-element_type=\"widget\" data-e-type=\"widget\" data-widget_type=\"image.default\">\n\t\t\t\t<div class=\"elementor-widget-container\">\n\t\t\t\t\t\t\t\t\t\t\t\t\t\t\t<img decoding=\"async\" width=\"1056\" height=\"816\" src=\"https:\/\/ecopack.com.co\/wp-content\/uploads\/2023\/02\/cajas-base-1.jpg\" class=\"elementor-animation-float attachment-full size-full wp-image-810\" alt=\"\" srcset=\"https:\/\/ecopack.com.co\/wp-content\/uploads\/2023\/02\/cajas-base-1.jpg 1056w, https:\/\/ecopack.com.co\/wp-content\/uploads\/2023\/02\/cajas-base-1-300x232.jpg 300w, https:\/\/ecopack.com.co\/wp-content\/uploads\/2023\/02\/cajas-base-1-1024x791.jpg 1024w, https:\/\/ecopack.com.co\/wp-content\/uploads\/2023\/02\/cajas-base-1-768x593.jpg 768w\" sizes=\"(max-width: 1056px) 100vw, 1056px\" \/>\t\t\t\t\t\t\t\t\t\t\t\t\t\t\t<\/div>\n\t\t\t\t<\/div>\n\t\t\t\t\t<\/div>\n\t\t<\/div>\n\t\t\t\t\t<\/div>\n\t\t<\/section>\n\t\t\t\t<div class=\"elementor-element elementor-element-d723371 elementor-widget elementor-widget-heading\" data-id=\"d723371\" data-element_type=\"widget\" data-e-type=\"widget\" data-widget_type=\"heading.default\">\n\t\t\t\t<div class=\"elementor-widget-container\">\n\t\t\t\t\t<h3 class=\"elementor-heading-title elementor-size-default\">Medidas<\/h3>\t\t\t\t<\/div>\n\t\t\t\t<\/div>\n\t\t\t\t<section class=\"elementor-section elementor-inner-section elementor-element elementor-element-20233d35 elementor-section-boxed elementor-section-height-default elementor-section-height-default\" data-id=\"20233d35\" data-element_type=\"section\" data-e-type=\"section\">\n\t\t\t\t\t\t<div class=\"elementor-container elementor-column-gap-default\">\n\t\t\t\t\t<div class=\"elementor-column elementor-col-33 elementor-inner-column elementor-element elementor-element-5a777597\" data-id=\"5a777597\" data-element_type=\"column\" data-e-type=\"column\">\n\t\t\t<div class=\"elementor-widget-wrap\">\n\t\t\t\t\t\t\t<\/div>\n\t\t<\/div>\n\t\t\t\t<div class=\"elementor-column elementor-col-33 elementor-inner-column elementor-element elementor-element-506ddbe6\" data-id=\"506ddbe6\" data-element_type=\"column\" data-e-type=\"column\" data-settings=\"{&quot;background_background&quot;:&quot;classic&quot;}\">\n\t\t\t<div class=\"elementor-widget-wrap elementor-element-populated\">\n\t\t\t\t\t\t<div class=\"elementor-element elementor-element-27322946 elementor-widget elementor-widget-image\" data-id=\"27322946\" data-element_type=\"widget\" data-e-type=\"widget\" data-widget_type=\"image.default\">\n\t\t\t\t<div class=\"elementor-widget-container\">\n\t\t\t\t\t\t\t\t\t\t\t\t\t\t\t<img loading=\"lazy\" decoding=\"async\" width=\"523\" height=\"266\" src=\"https:\/\/ecopack.com.co\/wp-content\/uploads\/2023\/02\/MEDIDAS-CAJAS-TAPA-BASE.jpg\" class=\"elementor-animation-float attachment-full size-full wp-image-727\" alt=\"\" srcset=\"https:\/\/ecopack.com.co\/wp-content\/uploads\/2023\/02\/MEDIDAS-CAJAS-TAPA-BASE.jpg 523w, https:\/\/ecopack.com.co\/wp-content\/uploads\/2023\/02\/MEDIDAS-CAJAS-TAPA-BASE-300x153.jpg 300w\" sizes=\"(max-width: 523px) 100vw, 523px\" \/>\t\t\t\t\t\t\t\t\t\t\t\t\t\t\t<\/div>\n\t\t\t\t<\/div>\n\t\t\t\t\t<\/div>\n\t\t<\/div>\n\t\t\t\t<div class=\"elementor-column elementor-col-33 elementor-inner-column elementor-element elementor-element-3aba48f8\" data-id=\"3aba48f8\" data-element_type=\"column\" data-e-type=\"column\">\n\t\t\t<div class=\"elementor-widget-wrap\">\n\t\t\t\t\t\t\t<\/div>\n\t\t<\/div>\n\t\t\t\t\t<\/div>\n\t\t<\/section>\n\t\t\t\t\t<\/div>\n\t\t<\/div>\n\t\t\t\t\t<\/div>\n\t\t<\/section>\n\t\t\t\t<section class=\"elementor-section elementor-top-section elementor-element elementor-element-0b8c137 elementor-section-boxed elementor-section-height-default elementor-section-height-default\" data-id=\"0b8c137\" data-element_type=\"section\" data-e-type=\"section\" data-settings=\"{&quot;background_background&quot;:&quot;classic&quot;}\">\n\t\t\t\t\t\t<div class=\"elementor-container elementor-column-gap-default\">\n\t\t\t\t\t<div class=\"elementor-column elementor-col-100 elementor-top-column elementor-element elementor-element-cc8a038\" data-id=\"cc8a038\" data-element_type=\"column\" data-e-type=\"column\">\n\t\t\t<div class=\"elementor-widget-wrap elementor-element-populated\">\n\t\t\t\t\t\t<div class=\"elementor-element elementor-element-70301b6 elementor-widget elementor-widget-heading\" data-id=\"70301b6\" data-element_type=\"widget\" data-e-type=\"widget\" data-widget_type=\"heading.default\">\n\t\t\t\t<div class=\"elementor-widget-container\">\n\t\t\t\t\t<h3 class=\"elementor-heading-title elementor-size-default\">GU\u00cdA PARA TOMAR LAS MEDIDAS<\/h3>\t\t\t\t<\/div>\n\t\t\t\t<\/div>\n\t\t\t\t<div class=\"elementor-element elementor-element-d52e3ed elementor-widget-divider--view-line elementor-widget elementor-widget-divider\" data-id=\"d52e3ed\" data-element_type=\"widget\" data-e-type=\"widget\" data-widget_type=\"divider.default\">\n\t\t\t\t<div class=\"elementor-widget-container\">\n\t\t\t\t\t\t\t<div class=\"elementor-divider\">\n\t\t\t<span class=\"elementor-divider-separator\">\n\t\t\t\t\t\t<\/span>\n\t\t<\/div>\n\t\t\t\t\t\t<\/div>\n\t\t\t\t<\/div>\n\t\t\t\t<section class=\"elementor-section elementor-inner-section elementor-element elementor-element-02d4a14 elementor-section-boxed elementor-section-height-default elementor-section-height-default\" data-id=\"02d4a14\" data-element_type=\"section\" data-e-type=\"section\">\n\t\t\t\t\t\t<div class=\"elementor-container elementor-column-gap-default\">\n\t\t\t\t\t<div class=\"elementor-column elementor-col-33 elementor-inner-column elementor-element elementor-element-c028962\" data-id=\"c028962\" data-element_type=\"column\" data-e-type=\"column\">\n\t\t\t<div class=\"elementor-widget-wrap\">\n\t\t\t\t\t\t\t<\/div>\n\t\t<\/div>\n\t\t\t\t<div class=\"elementor-column elementor-col-33 elementor-inner-column elementor-element elementor-element-83a84a9\" data-id=\"83a84a9\" data-element_type=\"column\" data-e-type=\"column\">\n\t\t\t<div class=\"elementor-widget-wrap elementor-element-populated\">\n\t\t\t\t\t\t<div class=\"elementor-element elementor-element-5968cac elementor-widget elementor-widget-image\" data-id=\"5968cac\" data-element_type=\"widget\" data-e-type=\"widget\" data-widget_type=\"image.default\">\n\t\t\t\t<div class=\"elementor-widget-container\">\n\t\t\t\t\t\t\t\t\t\t\t\t\t\t\t<img loading=\"lazy\" decoding=\"async\" width=\"1056\" height=\"816\" src=\"https:\/\/ecopack.com.co\/wp-content\/uploads\/2023\/02\/cajas-base-1-medidas.jpg\" class=\"elementor-animation-float attachment-full size-full wp-image-809\" alt=\"\" srcset=\"https:\/\/ecopack.com.co\/wp-content\/uploads\/2023\/02\/cajas-base-1-medidas.jpg 1056w, https:\/\/ecopack.com.co\/wp-content\/uploads\/2023\/02\/cajas-base-1-medidas-300x232.jpg 300w, https:\/\/ecopack.com.co\/wp-content\/uploads\/2023\/02\/cajas-base-1-medidas-1024x791.jpg 1024w, https:\/\/ecopack.com.co\/wp-content\/uploads\/2023\/02\/cajas-base-1-medidas-768x593.jpg 768w\" sizes=\"(max-width: 1056px) 100vw, 1056px\" \/>\t\t\t\t\t\t\t\t\t\t\t\t\t\t\t<\/div>\n\t\t\t\t<\/div>\n\t\t\t\t\t<\/div>\n\t\t<\/div>\n\t\t\t\t<div class=\"elementor-column elementor-col-33 elementor-inner-column elementor-element elementor-element-6818aee\" data-id=\"6818aee\" data-element_type=\"column\" data-e-type=\"column\">\n\t\t\t<div class=\"elementor-widget-wrap\">\n\t\t\t\t\t\t\t<\/div>\n\t\t<\/div>\n\t\t\t\t\t<\/div>\n\t\t<\/section>\n\t\t\t\t\t<\/div>\n\t\t<\/div>\n\t\t\t\t\t<\/div>\n\t\t<\/section>\n\t\t\t\t<section class=\"elementor-section elementor-top-section elementor-element elementor-element-5f9100ff elementor-section-boxed elementor-section-height-default elementor-section-height-default\" data-id=\"5f9100ff\" data-element_type=\"section\" data-e-type=\"section\">\n\t\t\t\t\t\t<div class=\"elementor-container elementor-column-gap-default\">\n\t\t\t\t\t<div class=\"elementor-column elementor-col-100 elementor-top-column elementor-element elementor-element-2b3f08e\" data-id=\"2b3f08e\" data-element_type=\"column\" data-e-type=\"column\">\n\t\t\t<div class=\"elementor-widget-wrap\">\n\t\t\t\t\t\t\t<\/div>\n\t\t<\/div>\n\t\t\t\t\t<\/div>\n\t\t<\/section>\n\t\t\t\t<\/div>\n\t\t","protected":false},"excerpt":{"rendered":"<p>Cajas Base Funda Nuestras cajas base funda, elaboradas\u00a0 con materiales biodegradables, est\u00e1n dise\u00f1adas para brindar una protecci\u00f3n \u00f3ptima a sus productos durante el transporte y almacenamiento. Est\u00e1n fabricadas con materiales de alta calidad y son extremadamente resistentes, lo que significa que sus productos estar\u00e1n seguros y protegidos en todo momento. Adem\u00e1s, nuestras cajas base funda [&hellip;]<\/p>\n","protected":false},"author":2,"featured_media":0,"parent":0,"menu_order":0,"comment_status":"closed","ping_status":"closed","template":"","meta":{"_joinchat":[],"footnotes":""},"class_list":["post-674","page","type-page","status-publish","hentry"],"_links":{"self":[{"href":"https:\/\/ecopack.com.co\/index.php\/wp-json\/wp\/v2\/pages\/674","targetHints":{"allow":["GET"]}}],"collection":[{"href":"https:\/\/ecopack.com.co\/index.php\/wp-json\/wp\/v2\/pages"}],"about":[{"href":"https:\/\/ecopack.com.co\/index.php\/wp-json\/wp\/v2\/types\/page"}],"author":[{"embeddable":true,"href":"https:\/\/ecopack.com.co\/index.php\/wp-json\/wp\/v2\/users\/2"}],"replies":[{"embeddable":true,"href":"https:\/\/ecopack.com.co\/index.php\/wp-json\/wp\/v2\/comments?post=674"}],"version-history":[{"count":25,"href":"https:\/\/ecopack.com.co\/index.php\/wp-json\/wp\/v2\/pages\/674\/revisions"}],"predecessor-version":[{"id":978,"href":"https:\/\/ecopack.com.co\/index.php\/wp-json\/wp\/v2\/pages\/674\/revisions\/978"}],"wp:attachment":[{"href":"https:\/\/ecopack.com.co\/index.php\/wp-json\/wp\/v2\/media?parent=674"}],"curies":[{"name":"wp","href":"https:\/\/api.w.org\/{rel}","templated":true}]}}