{"id":692,"date":"2023-02-25T03:58:55","date_gmt":"2023-02-25T03:58:55","guid":{"rendered":"https:\/\/ecopack.com.co\/?page_id=692"},"modified":"2023-02-27T16:20:49","modified_gmt":"2023-02-27T16:20:49","slug":"papeles","status":"publish","type":"page","link":"https:\/\/ecopack.com.co\/index.php\/papeles\/","title":{"rendered":"Papeles"},"content":{"rendered":"\t\t<div data-elementor-type=\"wp-page\" data-elementor-id=\"692\" class=\"elementor elementor-692\" data-elementor-post-type=\"page\">\n\t\t\t\t\t\t<section class=\"elementor-section elementor-top-section elementor-element elementor-element-1f1d1a2c elementor-section-height-min-height elementor-reverse-mobile elementor-section-boxed elementor-section-height-default elementor-section-items-middle\" data-id=\"1f1d1a2c\" data-element_type=\"section\" data-e-type=\"section\" data-settings=\"{&quot;background_background&quot;:&quot;classic&quot;,&quot;background_motion_fx_motion_fx_scrolling&quot;:&quot;yes&quot;,&quot;background_motion_fx_blur_effect&quot;:&quot;yes&quot;,&quot;background_motion_fx_blur_direction&quot;:&quot;in-out&quot;,&quot;background_motion_fx_blur_level&quot;:{&quot;unit&quot;:&quot;px&quot;,&quot;size&quot;:9,&quot;sizes&quot;:[]},&quot;background_motion_fx_blur_range&quot;:{&quot;unit&quot;:&quot;%&quot;,&quot;size&quot;:&quot;&quot;,&quot;sizes&quot;:{&quot;start&quot;:76,&quot;end&quot;:94}},&quot;background_motion_fx_devices&quot;:[&quot;desktop&quot;,&quot;tablet&quot;,&quot;mobile&quot;]}\">\n\t\t\t\t\t\t\t<div class=\"elementor-background-overlay\"><\/div>\n\t\t\t\t\t\t\t<div class=\"elementor-container elementor-column-gap-default\">\n\t\t\t\t\t<div class=\"elementor-column elementor-col-50 elementor-top-column elementor-element elementor-element-5c5b1f95\" data-id=\"5c5b1f95\" data-element_type=\"column\" data-e-type=\"column\">\n\t\t\t<div class=\"elementor-widget-wrap elementor-element-populated\">\n\t\t\t\t\t\t<div class=\"elementor-element elementor-element-3241c181 elementor-widget elementor-widget-heading\" data-id=\"3241c181\" data-element_type=\"widget\" data-e-type=\"widget\" data-widget_type=\"heading.default\">\n\t\t\t\t<div class=\"elementor-widget-container\">\n\t\t\t\t\t<h2 class=\"elementor-heading-title elementor-size-default\">Papeles<\/h2>\t\t\t\t<\/div>\n\t\t\t\t<\/div>\n\t\t\t\t\t<\/div>\n\t\t<\/div>\n\t\t\t\t<div class=\"elementor-column elementor-col-50 elementor-top-column elementor-element elementor-element-12f5ef83\" data-id=\"12f5ef83\" data-element_type=\"column\" data-e-type=\"column\">\n\t\t\t<div class=\"elementor-widget-wrap\">\n\t\t\t\t\t\t\t<\/div>\n\t\t<\/div>\n\t\t\t\t\t<\/div>\n\t\t<\/section>\n\t\t\t\t<section class=\"elementor-section elementor-top-section elementor-element elementor-element-54366b65 elementor-section-boxed elementor-section-height-default elementor-section-height-default\" data-id=\"54366b65\" data-element_type=\"section\" data-e-type=\"section\" data-settings=\"{&quot;background_background&quot;:&quot;classic&quot;}\">\n\t\t\t\t\t\t<div class=\"elementor-container elementor-column-gap-default\">\n\t\t\t\t\t<div class=\"elementor-column elementor-col-100 elementor-top-column elementor-element elementor-element-254c866e\" data-id=\"254c866e\" data-element_type=\"column\" data-e-type=\"column\">\n\t\t\t<div class=\"elementor-widget-wrap elementor-element-populated\">\n\t\t\t\t\t\t<div class=\"elementor-element elementor-element-6eece4cd elementor-widget elementor-widget-text-editor\" data-id=\"6eece4cd\" data-element_type=\"widget\" data-e-type=\"widget\" data-widget_type=\"text-editor.default\">\n\t\t\t\t<div class=\"elementor-widget-container\">\n\t\t\t\t\t\t\t\t\t<p>Nuestros papeles para empaque son la soluci\u00f3n perfecta para empresas que buscan una opci\u00f3n sostenible y de alta calidad. Est\u00e1n dise\u00f1ados con materiales biodegradables y sostenibles, lo que los convierte en una opci\u00f3n ecol\u00f3gica y responsable. Adem\u00e1s, ofrecemos una amplia variedad de tama\u00f1os y dise\u00f1os para asegurarnos de que nuestros papeles para empaque se ajusten perfectamente a las necesidades de su negocio. Son personalizables, duraderos y respetuosos con el medio ambiente, lo que los convierte en una opci\u00f3n ideal para una amplia variedad de productos y tiendas. \u00a1Cont\u00e1ctenos hoy para saber m\u00e1s sobre nuestros papeles para empaque y c\u00f3mo podemos ayudarlo a mejorar su estrategia de embalaje sostenible!<\/p>\t\t\t\t\t\t\t\t<\/div>\n\t\t\t\t<\/div>\n\t\t\t\t<div class=\"elementor-element elementor-element-49069da5 elementor-widget elementor-widget-heading\" data-id=\"49069da5\" data-element_type=\"widget\" data-e-type=\"widget\" data-widget_type=\"heading.default\">\n\t\t\t\t<div class=\"elementor-widget-container\">\n\t\t\t\t\t<h3 class=\"elementor-heading-title elementor-size-default\">Papeles<\/h3>\t\t\t\t<\/div>\n\t\t\t\t<\/div>\n\t\t\t\t<div class=\"elementor-element elementor-element-3465041e elementor-widget-divider--view-line elementor-widget elementor-widget-divider\" data-id=\"3465041e\" data-element_type=\"widget\" data-e-type=\"widget\" data-widget_type=\"divider.default\">\n\t\t\t\t<div class=\"elementor-widget-container\">\n\t\t\t\t\t\t\t<div class=\"elementor-divider\">\n\t\t\t<span class=\"elementor-divider-separator\">\n\t\t\t\t\t\t<\/span>\n\t\t<\/div>\n\t\t\t\t\t\t<\/div>\n\t\t\t\t<\/div>\n\t\t\t\t<section class=\"elementor-section elementor-inner-section elementor-element elementor-element-7708c6ed elementor-section-boxed elementor-section-height-default elementor-section-height-default\" data-id=\"7708c6ed\" data-element_type=\"section\" data-e-type=\"section\">\n\t\t\t\t\t\t<div class=\"elementor-container elementor-column-gap-default\">\n\t\t\t\t\t<div class=\"elementor-column elementor-col-25 elementor-inner-column elementor-element elementor-element-796ef84b\" data-id=\"796ef84b\" data-element_type=\"column\" data-e-type=\"column\">\n\t\t\t<div class=\"elementor-widget-wrap elementor-element-populated\">\n\t\t\t\t\t\t<div class=\"elementor-element elementor-element-6e9be383 elementor-widget elementor-widget-image\" data-id=\"6e9be383\" data-element_type=\"widget\" data-e-type=\"widget\" data-widget_type=\"image.default\">\n\t\t\t\t<div class=\"elementor-widget-container\">\n\t\t\t\t\t\t\t\t\t\t\t\t\t\t\t<img fetchpriority=\"high\" decoding=\"async\" width=\"1056\" height=\"816\" src=\"https:\/\/ecopack.com.co\/wp-content\/uploads\/2023\/02\/papel-4.jpg\" class=\"elementor-animation-float attachment-full size-full wp-image-922\" alt=\"\" srcset=\"https:\/\/ecopack.com.co\/wp-content\/uploads\/2023\/02\/papel-4.jpg 1056w, https:\/\/ecopack.com.co\/wp-content\/uploads\/2023\/02\/papel-4-300x232.jpg 300w, https:\/\/ecopack.com.co\/wp-content\/uploads\/2023\/02\/papel-4-1024x791.jpg 1024w, https:\/\/ecopack.com.co\/wp-content\/uploads\/2023\/02\/papel-4-768x593.jpg 768w\" sizes=\"(max-width: 1056px) 100vw, 1056px\" \/>\t\t\t\t\t\t\t\t\t\t\t\t\t\t\t<\/div>\n\t\t\t\t<\/div>\n\t\t\t\t<div class=\"elementor-element elementor-element-17f06f8e elementor-widget elementor-widget-heading\" data-id=\"17f06f8e\" data-element_type=\"widget\" data-e-type=\"widget\" data-widget_type=\"heading.default\">\n\t\t\t\t<div class=\"elementor-widget-container\">\n\t\t\t\t\t<h4 class=\"elementor-heading-title elementor-size-default\">TARJETAS DE PRESENTACI\u00d3N<\/h4>\t\t\t\t<\/div>\n\t\t\t\t<\/div>\n\t\t\t\t\t<\/div>\n\t\t<\/div>\n\t\t\t\t<div class=\"elementor-column elementor-col-25 elementor-inner-column elementor-element elementor-element-6ad8cba6\" data-id=\"6ad8cba6\" data-element_type=\"column\" data-e-type=\"column\">\n\t\t\t<div class=\"elementor-widget-wrap elementor-element-populated\">\n\t\t\t\t\t\t<div class=\"elementor-element elementor-element-65eafb54 elementor-widget elementor-widget-image\" data-id=\"65eafb54\" data-element_type=\"widget\" data-e-type=\"widget\" data-widget_type=\"image.default\">\n\t\t\t\t<div class=\"elementor-widget-container\">\n\t\t\t\t\t\t\t\t\t\t\t\t\t\t\t<img decoding=\"async\" width=\"1056\" height=\"816\" src=\"https:\/\/ecopack.com.co\/wp-content\/uploads\/2023\/02\/papel-3.jpg\" class=\"elementor-animation-float attachment-full size-full wp-image-921\" alt=\"\" srcset=\"https:\/\/ecopack.com.co\/wp-content\/uploads\/2023\/02\/papel-3.jpg 1056w, https:\/\/ecopack.com.co\/wp-content\/uploads\/2023\/02\/papel-3-300x232.jpg 300w, https:\/\/ecopack.com.co\/wp-content\/uploads\/2023\/02\/papel-3-1024x791.jpg 1024w, https:\/\/ecopack.com.co\/wp-content\/uploads\/2023\/02\/papel-3-768x593.jpg 768w\" sizes=\"(max-width: 1056px) 100vw, 1056px\" \/>\t\t\t\t\t\t\t\t\t\t\t\t\t\t\t<\/div>\n\t\t\t\t<\/div>\n\t\t\t\t<div class=\"elementor-element elementor-element-6963483d elementor-widget elementor-widget-heading\" data-id=\"6963483d\" data-element_type=\"widget\" data-e-type=\"widget\" data-widget_type=\"heading.default\">\n\t\t\t\t<div class=\"elementor-widget-container\">\n\t\t\t\t\t<h4 class=\"elementor-heading-title elementor-size-default\">SOPORTES<\/h4>\t\t\t\t<\/div>\n\t\t\t\t<\/div>\n\t\t\t\t\t<\/div>\n\t\t<\/div>\n\t\t\t\t<div class=\"elementor-column elementor-col-25 elementor-inner-column elementor-element elementor-element-7c6fc695\" data-id=\"7c6fc695\" data-element_type=\"column\" data-e-type=\"column\">\n\t\t\t<div class=\"elementor-widget-wrap elementor-element-populated\">\n\t\t\t\t\t\t<div class=\"elementor-element elementor-element-3bb18dac elementor-widget elementor-widget-image\" data-id=\"3bb18dac\" data-element_type=\"widget\" data-e-type=\"widget\" data-widget_type=\"image.default\">\n\t\t\t\t<div class=\"elementor-widget-container\">\n\t\t\t\t\t\t\t\t\t\t\t\t\t\t\t<img decoding=\"async\" width=\"1056\" height=\"816\" src=\"https:\/\/ecopack.com.co\/wp-content\/uploads\/2023\/02\/papel-2.jpg\" class=\"elementor-animation-float attachment-full size-full wp-image-920\" alt=\"\" srcset=\"https:\/\/ecopack.com.co\/wp-content\/uploads\/2023\/02\/papel-2.jpg 1056w, https:\/\/ecopack.com.co\/wp-content\/uploads\/2023\/02\/papel-2-300x232.jpg 300w, https:\/\/ecopack.com.co\/wp-content\/uploads\/2023\/02\/papel-2-1024x791.jpg 1024w, https:\/\/ecopack.com.co\/wp-content\/uploads\/2023\/02\/papel-2-768x593.jpg 768w\" sizes=\"(max-width: 1056px) 100vw, 1056px\" \/>\t\t\t\t\t\t\t\t\t\t\t\t\t\t\t<\/div>\n\t\t\t\t<\/div>\n\t\t\t\t<div class=\"elementor-element elementor-element-7df72e58 elementor-widget elementor-widget-heading\" data-id=\"7df72e58\" data-element_type=\"widget\" data-e-type=\"widget\" data-widget_type=\"heading.default\">\n\t\t\t\t<div class=\"elementor-widget-container\">\n\t\t\t\t\t<h4 class=\"elementor-heading-title elementor-size-default\">ETIQUETAS<\/h4>\t\t\t\t<\/div>\n\t\t\t\t<\/div>\n\t\t\t\t\t<\/div>\n\t\t<\/div>\n\t\t\t\t<div class=\"elementor-column elementor-col-25 elementor-inner-column elementor-element elementor-element-3700017\" data-id=\"3700017\" data-element_type=\"column\" data-e-type=\"column\">\n\t\t\t<div class=\"elementor-widget-wrap elementor-element-populated\">\n\t\t\t\t\t\t<div class=\"elementor-element elementor-element-fb3368f elementor-widget elementor-widget-image\" data-id=\"fb3368f\" data-element_type=\"widget\" data-e-type=\"widget\" data-widget_type=\"image.default\">\n\t\t\t\t<div class=\"elementor-widget-container\">\n\t\t\t\t\t\t\t\t\t\t\t\t\t\t\t<img loading=\"lazy\" decoding=\"async\" width=\"1056\" height=\"816\" src=\"https:\/\/ecopack.com.co\/wp-content\/uploads\/2023\/02\/papel-1.jpg\" class=\"elementor-animation-float attachment-full size-full wp-image-919\" alt=\"\" srcset=\"https:\/\/ecopack.com.co\/wp-content\/uploads\/2023\/02\/papel-1.jpg 1056w, https:\/\/ecopack.com.co\/wp-content\/uploads\/2023\/02\/papel-1-300x232.jpg 300w, https:\/\/ecopack.com.co\/wp-content\/uploads\/2023\/02\/papel-1-1024x791.jpg 1024w, https:\/\/ecopack.com.co\/wp-content\/uploads\/2023\/02\/papel-1-768x593.jpg 768w\" sizes=\"(max-width: 1056px) 100vw, 1056px\" \/>\t\t\t\t\t\t\t\t\t\t\t\t\t\t\t<\/div>\n\t\t\t\t<\/div>\n\t\t\t\t<div class=\"elementor-element elementor-element-18510ba elementor-widget elementor-widget-heading\" data-id=\"18510ba\" data-element_type=\"widget\" data-e-type=\"widget\" data-widget_type=\"heading.default\">\n\t\t\t\t<div class=\"elementor-widget-container\">\n\t\t\t\t\t<h4 class=\"elementor-heading-title elementor-size-default\">ETIQUETAS<\/h4>\t\t\t\t<\/div>\n\t\t\t\t<\/div>\n\t\t\t\t\t<\/div>\n\t\t<\/div>\n\t\t\t\t\t<\/div>\n\t\t<\/section>\n\t\t\t\t<div class=\"elementor-element elementor-element-5921b376 elementor-widget elementor-widget-heading\" data-id=\"5921b376\" data-element_type=\"widget\" data-e-type=\"widget\" data-widget_type=\"heading.default\">\n\t\t\t\t<div class=\"elementor-widget-container\">\n\t\t\t\t\t<h3 class=\"elementor-heading-title elementor-size-default\">Medidas<\/h3>\t\t\t\t<\/div>\n\t\t\t\t<\/div>\n\t\t\t\t<section class=\"elementor-section elementor-inner-section elementor-element elementor-element-25a4da86 elementor-section-boxed elementor-section-height-default elementor-section-height-default\" data-id=\"25a4da86\" data-element_type=\"section\" data-e-type=\"section\">\n\t\t\t\t\t\t<div class=\"elementor-container elementor-column-gap-default\">\n\t\t\t\t\t<div class=\"elementor-column elementor-col-33 elementor-inner-column elementor-element elementor-element-6092aa53\" data-id=\"6092aa53\" data-element_type=\"column\" data-e-type=\"column\">\n\t\t\t<div class=\"elementor-widget-wrap\">\n\t\t\t\t\t\t\t<\/div>\n\t\t<\/div>\n\t\t\t\t<div class=\"elementor-column elementor-col-33 elementor-inner-column elementor-element elementor-element-3976d599\" data-id=\"3976d599\" data-element_type=\"column\" data-e-type=\"column\" data-settings=\"{&quot;background_background&quot;:&quot;classic&quot;}\">\n\t\t\t<div class=\"elementor-widget-wrap elementor-element-populated\">\n\t\t\t\t\t\t<div class=\"elementor-element elementor-element-31966719 elementor-widget elementor-widget-image\" data-id=\"31966719\" data-element_type=\"widget\" data-e-type=\"widget\" data-widget_type=\"image.default\">\n\t\t\t\t<div class=\"elementor-widget-container\">\n\t\t\t\t\t\t\t\t\t\t\t\t\t\t\t<img loading=\"lazy\" decoding=\"async\" width=\"523\" height=\"356\" src=\"https:\/\/ecopack.com.co\/wp-content\/uploads\/2023\/02\/MEDIDAS-PAPELES.jpg\" class=\"elementor-animation-float attachment-full size-full wp-image-777\" alt=\"\" srcset=\"https:\/\/ecopack.com.co\/wp-content\/uploads\/2023\/02\/MEDIDAS-PAPELES.jpg 523w, https:\/\/ecopack.com.co\/wp-content\/uploads\/2023\/02\/MEDIDAS-PAPELES-300x204.jpg 300w\" sizes=\"(max-width: 523px) 100vw, 523px\" \/>\t\t\t\t\t\t\t\t\t\t\t\t\t\t\t<\/div>\n\t\t\t\t<\/div>\n\t\t\t\t\t<\/div>\n\t\t<\/div>\n\t\t\t\t<div class=\"elementor-column elementor-col-33 elementor-inner-column elementor-element elementor-element-20caf7f4\" data-id=\"20caf7f4\" data-element_type=\"column\" data-e-type=\"column\">\n\t\t\t<div class=\"elementor-widget-wrap\">\n\t\t\t\t\t\t\t<\/div>\n\t\t<\/div>\n\t\t\t\t\t<\/div>\n\t\t<\/section>\n\t\t\t\t\t<\/div>\n\t\t<\/div>\n\t\t\t\t\t<\/div>\n\t\t<\/section>\n\t\t\t\t<section class=\"elementor-section elementor-top-section elementor-element elementor-element-02a1473 elementor-section-boxed elementor-section-height-default elementor-section-height-default\" data-id=\"02a1473\" data-element_type=\"section\" data-e-type=\"section\" data-settings=\"{&quot;background_background&quot;:&quot;classic&quot;}\">\n\t\t\t\t\t\t<div class=\"elementor-container elementor-column-gap-default\">\n\t\t\t\t\t<div class=\"elementor-column elementor-col-100 elementor-top-column elementor-element elementor-element-1dd920c\" data-id=\"1dd920c\" data-element_type=\"column\" data-e-type=\"column\">\n\t\t\t<div class=\"elementor-widget-wrap elementor-element-populated\">\n\t\t\t\t\t\t<div class=\"elementor-element elementor-element-0d37362 elementor-widget elementor-widget-heading\" data-id=\"0d37362\" data-element_type=\"widget\" data-e-type=\"widget\" data-widget_type=\"heading.default\">\n\t\t\t\t<div class=\"elementor-widget-container\">\n\t\t\t\t\t<h3 class=\"elementor-heading-title elementor-size-default\">GU\u00cdA PARA TOMAR LAS MEDIDAS<\/h3>\t\t\t\t<\/div>\n\t\t\t\t<\/div>\n\t\t\t\t<div class=\"elementor-element elementor-element-6105f6e elementor-widget-divider--view-line elementor-widget elementor-widget-divider\" data-id=\"6105f6e\" data-element_type=\"widget\" data-e-type=\"widget\" data-widget_type=\"divider.default\">\n\t\t\t\t<div class=\"elementor-widget-container\">\n\t\t\t\t\t\t\t<div class=\"elementor-divider\">\n\t\t\t<span class=\"elementor-divider-separator\">\n\t\t\t\t\t\t<\/span>\n\t\t<\/div>\n\t\t\t\t\t\t<\/div>\n\t\t\t\t<\/div>\n\t\t\t\t<section class=\"elementor-section elementor-inner-section elementor-element elementor-element-a63a0f9 elementor-section-boxed elementor-section-height-default elementor-section-height-default\" data-id=\"a63a0f9\" data-element_type=\"section\" data-e-type=\"section\">\n\t\t\t\t\t\t<div class=\"elementor-container elementor-column-gap-default\">\n\t\t\t\t\t<div class=\"elementor-column elementor-col-33 elementor-inner-column elementor-element elementor-element-fcf9ba7\" data-id=\"fcf9ba7\" data-element_type=\"column\" data-e-type=\"column\">\n\t\t\t<div class=\"elementor-widget-wrap\">\n\t\t\t\t\t\t\t<\/div>\n\t\t<\/div>\n\t\t\t\t<div class=\"elementor-column elementor-col-33 elementor-inner-column elementor-element elementor-element-fcc9594\" data-id=\"fcc9594\" data-element_type=\"column\" data-e-type=\"column\">\n\t\t\t<div class=\"elementor-widget-wrap elementor-element-populated\">\n\t\t\t\t\t\t<div class=\"elementor-element elementor-element-22662e4 elementor-widget elementor-widget-image\" data-id=\"22662e4\" data-element_type=\"widget\" data-e-type=\"widget\" data-widget_type=\"image.default\">\n\t\t\t\t<div class=\"elementor-widget-container\">\n\t\t\t\t\t\t\t\t\t\t\t\t\t\t\t<img loading=\"lazy\" decoding=\"async\" width=\"1056\" height=\"816\" src=\"https:\/\/ecopack.com.co\/wp-content\/uploads\/2023\/02\/medidas-1.jpg\" class=\"elementor-animation-float attachment-full size-full wp-image-918\" alt=\"\" srcset=\"https:\/\/ecopack.com.co\/wp-content\/uploads\/2023\/02\/medidas-1.jpg 1056w, https:\/\/ecopack.com.co\/wp-content\/uploads\/2023\/02\/medidas-1-300x232.jpg 300w, https:\/\/ecopack.com.co\/wp-content\/uploads\/2023\/02\/medidas-1-1024x791.jpg 1024w, https:\/\/ecopack.com.co\/wp-content\/uploads\/2023\/02\/medidas-1-768x593.jpg 768w\" sizes=\"(max-width: 1056px) 100vw, 1056px\" \/>\t\t\t\t\t\t\t\t\t\t\t\t\t\t\t<\/div>\n\t\t\t\t<\/div>\n\t\t\t\t\t<\/div>\n\t\t<\/div>\n\t\t\t\t<div class=\"elementor-column elementor-col-33 elementor-inner-column elementor-element elementor-element-b002c4d\" data-id=\"b002c4d\" data-element_type=\"column\" data-e-type=\"column\">\n\t\t\t<div class=\"elementor-widget-wrap\">\n\t\t\t\t\t\t\t<\/div>\n\t\t<\/div>\n\t\t\t\t\t<\/div>\n\t\t<\/section>\n\t\t\t\t\t<\/div>\n\t\t<\/div>\n\t\t\t\t\t<\/div>\n\t\t<\/section>\n\t\t\t\t<\/div>\n\t\t","protected":false},"excerpt":{"rendered":"<p>Papeles Nuestros papeles para empaque son la soluci\u00f3n perfecta para empresas que buscan una opci\u00f3n sostenible y de alta calidad. Est\u00e1n dise\u00f1ados con materiales biodegradables y sostenibles, lo que los convierte en una opci\u00f3n ecol\u00f3gica y responsable. Adem\u00e1s, ofrecemos una amplia variedad de tama\u00f1os y dise\u00f1os para asegurarnos de que nuestros papeles para empaque se [&hellip;]<\/p>\n","protected":false},"author":2,"featured_media":0,"parent":0,"menu_order":0,"comment_status":"closed","ping_status":"closed","template":"","meta":{"_joinchat":[],"footnotes":""},"class_list":["post-692","page","type-page","status-publish","hentry"],"_links":{"self":[{"href":"https:\/\/ecopack.com.co\/index.php\/wp-json\/wp\/v2\/pages\/692","targetHints":{"allow":["GET"]}}],"collection":[{"href":"https:\/\/ecopack.com.co\/index.php\/wp-json\/wp\/v2\/pages"}],"about":[{"href":"https:\/\/ecopack.com.co\/index.php\/wp-json\/wp\/v2\/types\/page"}],"author":[{"embeddable":true,"href":"https:\/\/ecopack.com.co\/index.php\/wp-json\/wp\/v2\/users\/2"}],"replies":[{"embeddable":true,"href":"https:\/\/ecopack.com.co\/index.php\/wp-json\/wp\/v2\/comments?post=692"}],"version-history":[{"count":16,"href":"https:\/\/ecopack.com.co\/index.php\/wp-json\/wp\/v2\/pages\/692\/revisions"}],"predecessor-version":[{"id":929,"href":"https:\/\/ecopack.com.co\/index.php\/wp-json\/wp\/v2\/pages\/692\/revisions\/929"}],"wp:attachment":[{"href":"https:\/\/ecopack.com.co\/index.php\/wp-json\/wp\/v2\/media?parent=692"}],"curies":[{"name":"wp","href":"https:\/\/api.w.org\/{rel}","templated":true}]}}